{"id":2001,"date":"2022-04-13T16:36:48","date_gmt":"2022-04-13T13:36:48","guid":{"rendered":"http:\/\/lasteaiad.narvakultuur.ee\/cipollino\/?page_id=2001"},"modified":"2025-11-14T10:32:40","modified_gmt":"2025-11-14T08:32:40","slug":"lasteaiast","status":"publish","type":"page","link":"http:\/\/lasteaiad.narvakultuur.ee\/cipollino\/et\/avaleht\/lasteaiast","title":{"rendered":"Lasteaiast"},"content":{"rendered":"<p><span style=\"font-weight: 400; font-size: 12pt;\">Lasteaed t\u00f6\u00f6tab alates 1988. aastast. Alates aastast 1992 on see Narva Linnavalitsuse Kultuuriosakonna lasteaed nr 37. Aastast 2000 kannab lasteaed nimetust Narva Lasteaed Cipollino. Asutus kuulub Narva Linnavalitsuse (edaspidi linnavalitsus) valitsusalasse. Lasteaia vara omanik on linnavalitsus.<\/span><\/p>\n<p><span style=\"font-weight: 400; font-size: 12pt;\">Lasteaed omab oma logot\u00fc\u00fcpi ja iga r\u00fchm \u2013 oma nimetust. Lasteaias t\u00f6\u00f6tavad 12 r\u00fchma \u2013 4 lastehoiu- ja 8 lasteaiar\u00fchma, milles kasvatatakse \u00fcle 200 lapse. Igas r\u00fchmas t\u00f6\u00f6tavad \u00fcks \u00f5petaja, abi\u00f5petaja ja \u00f5petaja abi. Lastega t\u00f6\u00f6tavad ka ujumisinstruktor, muusikasaatja ja logopeed. Kokku t\u00f6\u00f6tavad 56 t\u00f6\u00f6tajat: direktor, \u00f5ppealajuhataja, logopeed, 13 pedagoogi ja\u00a0 40 \u2013 tehnilise personali t\u00f6\u00f6tajat.<\/span><\/p>\n<p><span style=\"font-weight: 400; font-size: 12pt;\">K\u00f5igis lasteaia r\u00fchmades on olemas eraldi magamis- ja m\u00e4nguruumid, mis on sisustatud m\u00f6\u00f6bliga. Pedagoogidele abiks on lasteaias soetatud interaktiivsed tahvlid, projektorid, arvutid, laminaatorid ja paljundusmasinad, juhitud interneti\u00fchendus. Lasteaias Cipollino on olemas suur spordi-muusikasaal, v\u00e4ike muusikasaal, logopeedi kabinet,\u00a0 ujula, saun ning soolakamber. Igal r\u00fchmal on \u00f5ues oma m\u00e4nguatraktsioonidega m\u00e4nguplats. \u00d5ues on ka \u00fchiskasutuseks avar spordiplats ja muinasjutunurk, mis on varustatud \u00f5ppelaudadega ja m\u00f5eldud laste uurimuslikuks tegevuseks. Kollektiiv p\u00f6\u00f6rab t\u00e4helepanu territooriumi haljastamisele ja heakorrastamisele. Meie asutus on korduvalt v\u00f5tnud osa konkursist \u201eKodu kauniks\u201c ja saanud esikohti.<\/span><\/p>\n<h3 style=\"text-align: center;\"><span style=\"font-family: 'comic sans ms', sans-serif; font-size: 14pt; color: #008000;\"><b>Lasteaia Cipollino erip\u00e4ra<\/b><\/span><\/h3>\n<ul>\n<li><span style=\"font-size: 12pt;\"><span style=\"font-weight: 400;\">Lasteaias on loodud kaasaaegne <\/span><i><span style=\"font-weight: 400;\">Heaolukeskus<\/span><\/i><span style=\"font-weight: 400;\"> kuhu kuuluvad peamised tervise edendavad teenused: ujula, saun, \u201eFitokohvik\u201c l\u00f5\u00f5gastusruumiga, soolakamber, Bioptron taastusravi. Lasteaial on suur avar \u00f5ueala, mis on eelduseks sportlike tegevuste organiseerimisel.<\/span><\/span><\/li>\n<li><span style=\"font-weight: 400; font-size: 12pt;\">Lasteaias p\u00f6\u00f6ratakse suurt t\u00e4helepanu\u00a0 laste digip\u00e4devuste kujundamisele\u00a0 Robootika programmi kaudu, t\u00e4nu millele lapsed tutvuvad lihtsate programmeerimise v\u00f5imaluste ja -keskkondadega m\u00e4nguliste vahendite abil.\u00a0\u00a0<\/span><\/li>\n<li><span style=\"font-size: 12pt;\"><span style=\"font-weight: 400;\">Lasteaias k\u00e4ib aktiivne t\u00f6\u00f6 kolme programmi j\u00e4rgi &#8211;<\/span><span style=\"font-weight: 400;\">Roheline kool, Tervist Edendav Lasteaed ja Kiusamisest vaba lasteaed<\/span><span style=\"font-weight: 400;\">, mille tulemusel \u00f5pitakse paljusid teemasid p\u00f5hjalikumalt, t\u00e4nu millele omandatud teadmised, oskused, v\u00f5imed muutuvad tugevamaks, teadlikumaks ja neid saab kasutada erinevates tingimustes.<\/span><\/span><\/li>\n<li><span style=\"font-weight: 400; font-size: 12pt;\">Lasteaia l\u00e4hedane asukoht linnaparkide ja puhkealadega nagu Park 100, Paju park, \u00c4kkek\u00fcla terviserada pakuvad lapsi lisav\u00f5imalusi \u00f5ues\u00f5ppe rakendamiseks ja tervise edendamiseks.<\/span><\/li>\n<\/ul>\n<h3><b>\u00a0<span style=\"color: #008000;\">Meie lasteaia traditsioonilised \u00fcritused:<\/span><\/b><\/h3>\n<ul>\n<li style=\"font-weight: 400;\" aria-level=\"1\"><span style=\"font-weight: 400;\">Teadmistep\u00e4ev<\/span><\/li>\n<li style=\"font-weight: 400;\" aria-level=\"1\"><span style=\"font-weight: 400;\">S\u00fcgispidu<\/span><\/li>\n<li style=\"font-weight: 400;\" aria-level=\"1\"><span style=\"font-weight: 400;\">Spordin\u00e4dal<\/span><\/li>\n<li style=\"font-weight: 400;\" aria-level=\"1\"><span style=\"font-weight: 400;\">Korja patareid, p\u00e4\u00e4sta siil!<\/span><\/li>\n<li style=\"font-weight: 400;\" aria-level=\"1\"><span style=\"font-weight: 400;\">Plastpudeli teine elu<\/span><\/li>\n<li style=\"font-weight: 400;\" aria-level=\"1\"><span style=\"font-weight: 400;\">Mardip\u00e4ev<\/span><\/li>\n<li style=\"font-weight: 400;\" aria-level=\"1\"><span style=\"font-weight: 400;\">Kadrip\u00e4ev<\/span><\/li>\n<li style=\"font-weight: 400;\" aria-level=\"1\"><span style=\"font-weight: 400;\">Isadep\u00e4ev<\/span><\/li>\n<li style=\"font-weight: 400;\" aria-level=\"1\"><span style=\"font-weight: 400;\">Advendihommikud<\/span><\/li>\n<li style=\"font-weight: 400;\" aria-level=\"1\"><span style=\"font-weight: 400;\">J\u00f5ulud<\/span><\/li>\n<li style=\"font-weight: 400;\" aria-level=\"1\"><span style=\"font-weight: 400;\">Talvel\u00f5bud<\/span><\/li>\n<li style=\"font-weight: 400;\" aria-level=\"1\"><span style=\"font-weight: 400;\">S\u00f5brap\u00e4ev<\/span><\/li>\n<li style=\"font-weight: 400;\" aria-level=\"1\"><span style=\"font-weight: 400;\">Eesti Vabariigi s\u00fcnnip\u00e4ev<\/span><\/li>\n<li style=\"font-weight: 400;\" aria-level=\"1\"><span style=\"font-weight: 400;\">Emakeelep\u00e4ev<\/span><\/li>\n<li style=\"font-weight: 400;\" aria-level=\"1\"><span style=\"font-weight: 400;\">Vastlap\u00e4ev<\/span><\/li>\n<li style=\"font-weight: 400;\" aria-level=\"1\"><span style=\"font-weight: 400;\">Emadep\u00e4ev<\/span><\/li>\n<li style=\"font-weight: 400;\" aria-level=\"1\"><span style=\"font-weight: 400;\">Muinasjutud robotitega<\/span><\/li>\n<li style=\"font-weight: 400;\" aria-level=\"1\"><span style=\"font-weight: 400;\">Kevadlaat<\/span><\/li>\n<li style=\"font-weight: 400;\" aria-level=\"1\"><span style=\"font-weight: 400;\">Avatud uste p\u00e4ev ujulas<\/span><\/li>\n<li style=\"font-weight: 400;\" aria-level=\"1\"><span style=\"font-weight: 400;\">\u00d6komood\u00a0<\/span><\/li>\n<li style=\"font-weight: 400;\" aria-level=\"1\"><span style=\"font-weight: 400;\">L\u00f5pupidu \u201eHead aega, s\u00f5imer\u00fchm!\u201c<\/span><\/li>\n<li style=\"font-weight: 400;\" aria-level=\"1\"><span style=\"font-weight: 400;\">L\u00f5pupidu \u201eHead aega, lasteaed!\u201c<\/span><\/li>\n<li style=\"font-weight: 400;\" aria-level=\"1\"><span style=\"font-weight: 400;\">Lastekaitsep\u00e4ev<\/span><\/li>\n<\/ul>\n<p><strong><span style=\"color: #008000; font-size: 12pt;\">Missioon<\/span><\/strong><\/p>\n<ul>\n<li style=\"font-weight: 400;\" aria-level=\"1\"><span style=\"font-weight: 400;\">Narva Lasteaed Cipollino on populaarne, s\u00f5bralik, kreatiivne ning muutustele avatud haridusasutus, kus on r\u00f5\u00f5msad lapsed, rahulolevad vanemad ja t\u00f6\u00f6le innustunud personal.<\/span><\/li>\n<\/ul>\n<p><strong><span style=\"color: #008000; font-size: 12pt;\">Visioon<\/span><\/strong><\/p>\n<ul>\n<li style=\"font-weight: 400;\" aria-level=\"1\"><span style=\"font-weight: 400;\">Tagame \u00f5ppekasvatusprotsessi ja tulemuste kvaliteeti eesti keele \u00f5ppimise \u00fcleminekuks, luues seel\u00e4bi v\u00f5imalused sujuvaks ning edukaks haridustee j\u00e4tkamiseks.<\/span><\/li>\n<li style=\"font-weight: 400;\" aria-level=\"1\"><span style=\"font-weight: 400;\">Koost\u00f6\u00f6s perega toetame iga lapse t\u00e4isv\u00e4\u00e4rtuslikku arengut, arvestades tema individuaalseid ise\u00e4rasusi ja ainulaadsust.<\/span><\/li>\n<li style=\"font-weight: 400;\" aria-level=\"1\"><span style=\"font-weight: 400;\">Lasteaia t\u00f6\u00f6tajad on arenemisv\u00f5imelised, professionaalsed ning avatud uuendustele. Jagame kogemusi ja \u00f5pime \u00fcksteiselt.<\/span><\/li>\n<li style=\"font-weight: 400;\" aria-level=\"1\"><span style=\"font-weight: 400;\">Loome tingimusi, et kogu lasteaiat\u00f6\u00f6tajate ja lapsevanemate vahel toimub koost\u00f6\u00f6, mis p\u00f5hineb \u00fchistel p\u00f5hiv\u00e4\u00e4rtustel.<\/span><\/li>\n<\/ul>\n<p><span style=\"font-size: 12pt;\"><strong><span style=\"color: #008000;\">P\u00f5hiv\u00e4\u00e4rtused<\/span><\/strong><\/span><\/p>\n<ul>\n<li style=\"font-weight: 400;\" aria-level=\"1\"><span style=\"font-weight: 400;\">Tervis ja turvalisus\u00a0 \u2013 meil on toetav ja arendav keskkond, mis tagab vaimset ja f\u00fc\u00fcsilist tervist nii lastele kui ka t\u00f6\u00f6tajatele;<\/span><\/li>\n<li style=\"font-weight: 400;\" aria-level=\"1\"><span style=\"font-weight: 400;\">Koost\u00f6\u00f6 \u2013 k\u00f5igi osapoolte vahel h\u00e4sti toimiv koost\u00f6\u00f6, mis p\u00f5hineb usaldusel, lugupidamisel ja s\u00f5bralikkusel.<\/span><\/li>\n<li style=\"font-weight: 400;\" aria-level=\"1\"><span style=\"font-weight: 400;\">Professionaalsus ja paindlikkus \u2013 lastega t\u00f6\u00f6tavad kvalifitseeritud t\u00f6\u00f6tajad, kes on huvitatud lasteaia arengust.<\/span><\/li>\n<\/ul>\n","protected":false},"excerpt":{"rendered":"<p>Lasteaed t\u00f6\u00f6tab alates 1988. aastast. Alates aastast 1992 on see Narva Linnavalitsuse Kultuuriosakonna lasteaed nr 37. Aastast 2000 kannab lasteaed nimetust Narva Lasteaed Cipollino. Asutus kuulub Narva Linnavalitsuse (edaspidi linnavalitsus) valitsusalasse. Lasteaia vara omanik on linnavalitsus. Lasteaed omab oma logot\u00fc\u00fcpi ja iga r\u00fchm \u2013 oma nimetust. Lasteaias t\u00f6\u00f6tavad 12 r\u00fchma \u2013 4 lastehoiu- ja 8 [&hellip;]<\/p>\n","protected":false},"author":1,"featured_media":0,"parent":17,"menu_order":0,"comment_status":"closed","ping_status":"closed","template":"","meta":{"footnotes":""},"class_list":["post-2001","page","type-page","status-publish","hentry"],"_links":{"self":[{"href":"http:\/\/lasteaiad.narvakultuur.ee\/cipollino\/wp-json\/wp\/v2\/pages\/2001","targetHints":{"allow":["GET"]}}],"collection":[{"href":"http:\/\/lasteaiad.narvakultuur.ee\/cipollino\/wp-json\/wp\/v2\/pages"}],"about":[{"href":"http:\/\/lasteaiad.narvakultuur.ee\/cipollino\/wp-json\/wp\/v2\/types\/page"}],"author":[{"embeddable":true,"href":"http:\/\/lasteaiad.narvakultuur.ee\/cipollino\/wp-json\/wp\/v2\/users\/1"}],"replies":[{"embeddable":true,"href":"http:\/\/lasteaiad.narvakultuur.ee\/cipollino\/wp-json\/wp\/v2\/comments?post=2001"}],"version-history":[{"count":14,"href":"http:\/\/lasteaiad.narvakultuur.ee\/cipollino\/wp-json\/wp\/v2\/pages\/2001\/revisions"}],"predecessor-version":[{"id":3653,"href":"http:\/\/lasteaiad.narvakultuur.ee\/cipollino\/wp-json\/wp\/v2\/pages\/2001\/revisions\/3653"}],"up":[{"embeddable":true,"href":"http:\/\/lasteaiad.narvakultuur.ee\/cipollino\/wp-json\/wp\/v2\/pages\/17"}],"wp:attachment":[{"href":"http:\/\/lasteaiad.narvakultuur.ee\/cipollino\/wp-json\/wp\/v2\/media?parent=2001"}],"curies":[{"name":"wp","href":"https:\/\/api.w.org\/{rel}","templated":true}]}}