{"id":2093,"date":"2022-04-13T17:22:41","date_gmt":"2022-04-13T14:22:41","guid":{"rendered":"http:\/\/lasteaiad.narvakultuur.ee\/cipollino\/?page_id=2093"},"modified":"2025-02-03T09:12:24","modified_gmt":"2025-02-03T07:12:24","slug":"oppetoo","status":"publish","type":"page","link":"http:\/\/lasteaiad.narvakultuur.ee\/cipollino\/et\/programmid\/oppetoo","title":{"rendered":"\u00d5ppet\u00f6\u00f6"},"content":{"rendered":"<p>Lasteaia \u00f5ppe- ja kasvatustegevuse p\u00f5hialuseks on Koolieelse lasteasutuse riiiklik \u00f5ppekava (R\u00d5K).<\/p>\n<p>Lasteaia \u00f5ppe- ja kasvatustegevuse korraldus l\u00e4htub \u00f5ppekavas s\u00e4testatud erip\u00e4rast, eesm\u00e4rkidest, p\u00f5him\u00f5tetest ja riiklikus \u00f5ppekavas kirjeldatud \u00f5pik\u00e4situsest.<\/p>\n<p><strong>\u00dcldeesm\u00e4rk:<\/strong> lapse mitmek\u00fclgne ja j\u00e4rjepidev areng kodu ja lasteaia koost\u00f6\u00f6s.<\/p>\n<p><strong>\u00a0Eesm\u00e4rgid:<\/strong><\/p>\n<ul>\n<li>Toetada lapse kehalist, vaimset, sotsiaalset ja emotsionaalset arengut, mille tulemusena kujuneb lapsel terviklik ja positiivne minapilt, \u00fcmbritseva keskkonna m\u00f5istmine, eetiline k\u00e4itumine ning algatusv\u00f5ime, esmased t\u00f6\u00f6harjumused, kehaline aktiivsus ja arusaam tervise hoidmise t\u00e4htsusest.<\/li>\n<li>Toetada laste m\u00e4ngu-, \u00f5pi-, sotsiaalsete ja enesekohaste oskuste arengut.<\/li>\n<\/ul>\n<p><strong>\u00d5ppe ja kasvatustegevuse l\u00e4biviimise p\u00f5him\u00f5tted:<\/strong><\/p>\n<ul>\n<li>Lapse individuaalsuse ja arengupotensiaali arvestamine.<\/li>\n<li>Lapse tervise hoidmine ja edendamine ning liikumisvajaduse rahuldamine.<\/li>\n<li>Lapse loovuse toetamine.<\/li>\n<li>M\u00e4ngu kaudu \u00f5ppimine.<\/li>\n<li>Humaansete ja demokraatlike suhete v\u00e4\u00e4rtustamine.<\/li>\n<li>Lapse arengut ja sotsialiseerumist soodustava keskkonna loomine.<\/li>\n<li>Lapsele turvatunde ja eduelamuste tagamine.<\/li>\n<li>\u00dcld\u00f5petusliku t\u00f6\u00f6viisi rakendamine.<\/li>\n<li>Kodu ja lasteasutuse koost\u00f6\u00f6 loomine.<\/li>\n<li>Eesti kultuuritraditsioonide v\u00e4\u00e4rtustamine ning teiste kultuuride erip\u00e4raga arvestamine.<\/li>\n<\/ul>\n<p><strong>\u00a0<\/strong><strong>\u00d5pik\u00e4situs:<\/strong><\/p>\n<ul>\n<li>\u00d5ppimine on elukestev protsess, mille tulemusel toimuvad muutused k\u00e4itumises, teadmistes, hoiakutes, oskustes jms. ning nendevahelistes seostes. Laps \u00f5pib matkimise, vaatlemise, uurimise, katsetamise, suhtlemise, m\u00e4ngu, harjutamise jms. kaudu.<\/li>\n<li>\u00d5ppe-ja kasvatustegevuse kavandamisel ja l\u00e4biviimisel arvestatakse laste erip\u00e4ra: v\u00f5imeid, keelelist ja kultuurilist tausta, vanust, sugu, terviseseisundit jne. \u00d5petajad on laste arengu suunajad ning arengut toetava keskkonna loojad.<\/li>\n<li>Laps on \u00f5ppe-ja kasvatustegevuses aktiivne osaleja ja tunneb r\u00f5\u00f5mu tegutsemisest. Last kaasatakse tegevuste kavandamisse, suunatakse tegema valikuid ning tehtut anal\u00fc\u00fcsima.<\/li>\n<li>\u00d5ppe- ja kasvatustegevuses luuakse tingimused, et arendada lapse suutlikkust:\n<ul>\n<li>kavandada oma tegevust ja teha valikuid;<\/li>\n<li>seostada uusi tegevusi varasemate kogemustega;<\/li>\n<li>kasutada omandatud teadmisi erinevates olukordades ja tegevustes;<\/li>\n<li>arutleda omandatud teadmiste ja oskuste \u00fcle;<\/li>\n<li>hinnata oma tegevuse tulemuslikkust;<\/li>\n<li>tunda r\u00f5\u00f5mu oma ja teiste \u00f5nnestumistest ning tulla toime eba\u00f5nnestumistega<\/li>\n<\/ul>\n<\/li>\n<\/ul>\n<p><span style=\"font-size: 18pt; color: #008000; font-family: 'comic sans ms', sans-serif;\"><strong>Meie olulised suunad\u00a0<\/strong><\/span><strong style=\"font-size: 16px;\"><img loading=\"lazy\" decoding=\"async\" class=\"alignleft\" src=\"http:\/\/lasteaiad.narvakultuur.ee\/cipollino\/wp-content\/uploads\/2020\/02\/web-logo.png\" width=\"313\" height=\"286\" \/><\/strong><\/p>\n<p>Lasteaed on liitunud <strong><span style=\"color: #008000;\">Tervist Edendavate Lasteaedade (TEL) v\u00f5rgustikku<\/span><\/strong>. \u00a0Osaleb <strong><span style=\"color: #339966;\">Rohelise kooli<\/span><\/strong> programmis ja kasutab aktiivselt <strong><span style=\"color: #339966;\">Robootika<\/span><\/strong> seadmeid oma \u00f5ppet\u00f6\u00f6s.\u00a0 Samuti meie lasteaed p\u00f6\u00f6rab suurt t\u00e4helepanu \u00fcksteise arvestava ja kaasava kultuurile ja liitus Lastekaitse Liidu projektiga <strong><span style=\"color: #339966;\">\u201eKiusamisest vaba lasteaed\u201c<\/span><\/strong>, mille eesm\u00e4rgiks on luua kiusamist ennetav suhe.<\/p>\n<p><span style=\"font-family: 'comic sans ms', sans-serif; font-size: 18pt;\"><strong><span style=\"color: #800080;\">\u00a0 \u00a0 \u00a0 \u00a0 \u00a0 \u00a0 \u00a0 \u00a0 \u00a0 \u00a0 \u00a0 \u00a0 \u00a0<\/span><\/strong><\/span><\/p>\n<p><span style=\"font-family: 'comic sans ms', sans-serif; font-size: 18pt;\"><strong><span style=\"color: #800080;\">Robootika<\/span><\/strong> <a href=\"http:\/\/lasteaiad.narvakultuur.ee\/cipollino\/wp-content\/uploads\/2024\/01\/robootika.pptx\">robootika<\/a><\/span><\/p>\n<div style=\"width: 625px;\" class=\"wp-video\"><video class=\"wp-video-shortcode\" id=\"video-2093-1\" width=\"625\" height=\"352\" preload=\"metadata\" controls=\"controls\"><source type=\"video\/mp4\" src=\"http:\/\/lasteaiad.narvakultuur.ee\/cipollino\/wp-content\/uploads\/2024\/01\/robootika.mp4?_=1\" \/><a href=\"http:\/\/lasteaiad.narvakultuur.ee\/cipollino\/wp-content\/uploads\/2024\/01\/robootika.mp4\">http:\/\/lasteaiad.narvakultuur.ee\/cipollino\/wp-content\/uploads\/2024\/01\/robootika.mp4<\/a><\/video><\/div>\n<p>&nbsp;<\/p>\n<p>&nbsp;<\/p>\n<p><strong><span style=\"font-size: 18pt; font-family: 'comic sans ms', sans-serif; color: #ff9900;\">Tervist Edendav Lasteaed <a href=\"http:\/\/lasteaiad.narvakultuur.ee\/cipollino\/wp-content\/uploads\/2024\/01\/Terviseedendus-2.pptx\">terviseedendus <\/a>\u00a0<\/span><\/strong><\/p>\n<div style=\"width: 625px;\" class=\"wp-video\"><video class=\"wp-video-shortcode\" id=\"video-2093-2\" width=\"625\" height=\"352\" preload=\"metadata\" controls=\"controls\"><source type=\"video\/mp4\" src=\"http:\/\/lasteaiad.narvakultuur.ee\/cipollino\/wp-content\/uploads\/2024\/01\/Terviseedendus-2.mp4?_=2\" \/><a href=\"http:\/\/lasteaiad.narvakultuur.ee\/cipollino\/wp-content\/uploads\/2024\/01\/Terviseedendus-2.mp4\">http:\/\/lasteaiad.narvakultuur.ee\/cipollino\/wp-content\/uploads\/2024\/01\/Terviseedendus-2.mp4<\/a><\/video><\/div>\n<p>&nbsp;<\/p>\n<p><strong><span style=\"font-family: 'comic sans ms', sans-serif; font-size: 18pt; color: #008000;\">Roheline kool <a href=\"http:\/\/lasteaiad.narvakultuur.ee\/cipollino\/wp-content\/uploads\/2024\/01\/Roheline-kool.pptx\">roheline kool<\/a><\/span><\/strong><\/p>\n<div style=\"width: 625px;\" class=\"wp-video\"><video class=\"wp-video-shortcode\" id=\"video-2093-3\" width=\"625\" height=\"352\" preload=\"metadata\" controls=\"controls\"><source type=\"video\/mp4\" src=\"http:\/\/lasteaiad.narvakultuur.ee\/cipollino\/wp-content\/uploads\/2024\/01\/Roheline-kool.mp4?_=3\" \/><a href=\"http:\/\/lasteaiad.narvakultuur.ee\/cipollino\/wp-content\/uploads\/2024\/01\/Roheline-kool.mp4\">http:\/\/lasteaiad.narvakultuur.ee\/cipollino\/wp-content\/uploads\/2024\/01\/Roheline-kool.mp4<\/a><\/video><\/div>\n<p>&nbsp;<\/p>\n<p><span style=\"color: #993366;\"><strong><span style=\"font-family: 'comic sans ms', sans-serif; font-size: 18pt;\">Kiiusamisest vabaks<\/span><\/strong><\/span><\/p>\n<div style=\"width: 625px;\" class=\"wp-video\"><video class=\"wp-video-shortcode\" id=\"video-2093-4\" width=\"625\" height=\"352\" preload=\"metadata\" controls=\"controls\"><source type=\"video\/mp4\" src=\"http:\/\/lasteaiad.narvakultuur.ee\/cipollino\/wp-content\/uploads\/2024\/01\/PROGRAMM-kIUSAMISEST-VABAKS.mp4?_=4\" \/><a href=\"http:\/\/lasteaiad.narvakultuur.ee\/cipollino\/wp-content\/uploads\/2024\/01\/PROGRAMM-kIUSAMISEST-VABAKS.mp4\">http:\/\/lasteaiad.narvakultuur.ee\/cipollino\/wp-content\/uploads\/2024\/01\/PROGRAMM-kIUSAMISEST-VABAKS.mp4<\/a><\/video><\/div>\n<p>&nbsp;<\/p>\n","protected":false},"excerpt":{"rendered":"<p>Lasteaia \u00f5ppe- ja kasvatustegevuse p\u00f5hialuseks on Koolieelse lasteasutuse riiiklik \u00f5ppekava (R\u00d5K). Lasteaia \u00f5ppe- ja kasvatustegevuse korraldus l\u00e4htub \u00f5ppekavas s\u00e4testatud erip\u00e4rast, eesm\u00e4rkidest, p\u00f5him\u00f5tetest ja riiklikus \u00f5ppekavas kirjeldatud \u00f5pik\u00e4situsest. \u00dcldeesm\u00e4rk: lapse mitmek\u00fclgne ja j\u00e4rjepidev areng kodu ja lasteaia koost\u00f6\u00f6s. \u00a0Eesm\u00e4rgid: Toetada lapse kehalist, vaimset, sotsiaalset ja emotsionaalset arengut, mille tulemusena kujuneb lapsel terviklik ja positiivne minapilt, \u00fcmbritseva [&hellip;]<\/p>\n","protected":false},"author":1,"featured_media":0,"parent":2726,"menu_order":0,"comment_status":"closed","ping_status":"closed","template":"","meta":{"footnotes":""},"class_list":["post-2093","page","type-page","status-publish","hentry"],"_links":{"self":[{"href":"http:\/\/lasteaiad.narvakultuur.ee\/cipollino\/wp-json\/wp\/v2\/pages\/2093","targetHints":{"allow":["GET"]}}],"collection":[{"href":"http:\/\/lasteaiad.narvakultuur.ee\/cipollino\/wp-json\/wp\/v2\/pages"}],"about":[{"href":"http:\/\/lasteaiad.narvakultuur.ee\/cipollino\/wp-json\/wp\/v2\/types\/page"}],"author":[{"embeddable":true,"href":"http:\/\/lasteaiad.narvakultuur.ee\/cipollino\/wp-json\/wp\/v2\/users\/1"}],"replies":[{"embeddable":true,"href":"http:\/\/lasteaiad.narvakultuur.ee\/cipollino\/wp-json\/wp\/v2\/comments?post=2093"}],"version-history":[{"count":13,"href":"http:\/\/lasteaiad.narvakultuur.ee\/cipollino\/wp-json\/wp\/v2\/pages\/2093\/revisions"}],"predecessor-version":[{"id":3421,"href":"http:\/\/lasteaiad.narvakultuur.ee\/cipollino\/wp-json\/wp\/v2\/pages\/2093\/revisions\/3421"}],"up":[{"embeddable":true,"href":"http:\/\/lasteaiad.narvakultuur.ee\/cipollino\/wp-json\/wp\/v2\/pages\/2726"}],"wp:attachment":[{"href":"http:\/\/lasteaiad.narvakultuur.ee\/cipollino\/wp-json\/wp\/v2\/media?parent=2093"}],"curies":[{"name":"wp","href":"https:\/\/api.w.org\/{rel}","templated":true}]}}