{"id":2561,"date":"2023-08-22T14:26:48","date_gmt":"2023-08-22T11:26:48","guid":{"rendered":"http:\/\/lasteaiad.narvakultuur.ee\/cipollino\/?page_id=2561"},"modified":"2025-10-16T12:47:05","modified_gmt":"2025-10-16T09:47:05","slug":"ruhmad","status":"publish","type":"page","link":"http:\/\/lasteaiad.narvakultuur.ee\/cipollino\/et\/ruhmad","title":{"rendered":"R\u00fchmad"},"content":{"rendered":"<p style=\"text-align: left;\"><strong><span style=\"font-size: 14pt; color: #993300;\">PIRN\u00a0 <\/span><\/strong><span style=\"font-size: 14pt; color: #666699;\"><span style=\"font-size: 12pt;\"><strong>\u00a0 \u00a0<\/strong> \u00a0 \u00a0 \u00a0 \u00a0 \u00a0 \u00a0 \u00a0 \u00a0 \u00a0 \u00a0 \u00a0 \u00a0<\/span><\/span><\/p>\n<p style=\"text-align: center;\"><span style=\"font-size: 14pt; color: #993300;\"><img loading=\"lazy\" decoding=\"async\" class=\"size-full wp-image-647 alignright\" src=\"http:\/\/lasteaiad.narvakultuur.ee\/cipollino\/wp-content\/uploads\/2017\/03\/1.jpg\" alt=\"\" width=\"255\" height=\"170\" \/><\/span><\/p>\n<p style=\"text-align: left;\"><strong>5-6 a. lapsed<\/strong><\/p>\n<p style=\"text-align: left;\"><strong><span style=\"color: #993300;\">\u00d5petaja<\/span><\/strong><\/p>\n<p>Jekaterina Grafova<\/p>\n<p><strong><span style=\"color: #993300;\">Abi\u00f5petaja<\/span><\/strong><\/p>\n<p style=\"text-align: left;\">Antonina Zelenova<\/p>\n<p style=\"text-align: left;\"><strong><span style=\"color: #993300;\">Abi\u00f5petaja<\/span><\/strong><br \/>\nSvetlana Arhipovski<\/p>\n<hr \/>\n<p><strong><span style=\"font-size: 14pt; color: #993300;\">JAANIUSSIKE <\/span><\/strong><\/p>\n<p><span style=\"font-size: 14pt; color: #993300;\"><img loading=\"lazy\" decoding=\"async\" class=\"size-full wp-image-684 alignright\" src=\"http:\/\/lasteaiad.narvakultuur.ee\/cipollino\/wp-content\/uploads\/2017\/10\/2.jpg\" alt=\"\" width=\"255\" height=\"170\" \/><\/span><span style=\"font-size: 14pt; color: #993300;\"><span style=\"font-size: 1.14286rem; color: #444444;\"><strong>5-6 a. lapsed\u00a0 \u00a0 \u00a0<\/strong>\u00a0 \u00a0 \u00a0 \u00a0 \u00a0 \u00a0 \u00a0 \u00a0 \u00a0 \u00a0 \u00a0 \u00a0 \u00a0 \u00a0 \u00a0 \u00a0 \u00a0 \u00a0 \u00a0 \u00a0 \u00a0 <\/span><\/span><\/p>\n<p><strong><span style=\"color: #993300;\">\u00d5petaja<\/span><\/strong><br \/>\nNatalja Asson<\/p>\n<p><strong><span style=\"color: #993300;\">Abi\u00f5petaja<\/span><\/strong><\/p>\n<p>Irina Klimova<\/p>\n<p style=\"text-align: left;\"><strong><span style=\"color: #993300;\">Abi\u00f5petaja<\/span><\/strong><br \/>\nViktoria Homjakova<\/p>\n<hr \/>\n<h3 style=\"text-align: left;\"><span style=\"font-size: 14pt; color: #993300;\">KIIL\u00a0<\/span><\/h3>\n<h3 style=\"text-align: left;\"><span style=\"font-size: 14pt; color: #993300;\"><img loading=\"lazy\" decoding=\"async\" class=\"alignright wp-image-649 size-full\" src=\"http:\/\/lasteaiad.narvakultuur.ee\/cipollino\/wp-content\/uploads\/2017\/03\/3.jpg\" alt=\"\" width=\"255\" height=\"170\" \/><span style=\"color: #444444; font-size: 1.14286rem;\">4-5 a. lapsed<\/span><\/span><\/h3>\n<p style=\"text-align: left;\"><strong><span style=\"color: #993300;\">\u00d5petaja<\/span><\/strong><br \/>\nKsenia Ivanova<\/p>\n<p><strong><span style=\"color: #993300;\">Abi\u00f5petaja<\/span><\/strong><\/p>\n<p style=\"text-align: left;\">Oksana Ivankina<\/p>\n<p style=\"text-align: left;\"><strong><span style=\"color: #993300;\">Abi\u00f5petaja<\/span><\/strong><br \/>\nJelena Strahhova<\/p>\n<hr \/>\n<h3><span style=\"font-size: 14pt; color: #993300;\">LIBLIKAS<\/span><span style=\"font-size: 14pt; color: #993300;\"> \u00a0 \u00a0 \u00a0 \u00a0 \u00a0 \u00a0 \u00a0 \u00a0 \u00a0 \u00a0 \u00a0\u00a0<\/span><\/h3>\n<h3><span style=\"font-size: 14pt; color: #993300;\"><img loading=\"lazy\" decoding=\"async\" class=\"size-full wp-image-650 alignright\" src=\"http:\/\/lasteaiad.narvakultuur.ee\/cipollino\/wp-content\/uploads\/2017\/03\/4.jpg\" alt=\"\" width=\"255\" height=\"170\" \/><\/span><span style=\"font-size: 14pt; color: #993300;\"><span style=\"font-size: 14pt; color: #993300;\"><span style=\"font-size: 1.14286rem; color: #444444;\">3-4 a. lapsed\u00a0 \u00a0 \u00a0 \u00a0 \u00a0 \u00a0 \u00a0 \u00a0 \u00a0 \u00a0 \u00a0 \u00a0 \u00a0 \u00a0 \u00a0 \u00a0 \u00a0 \u00a0 \u00a0 \u00a0 \u00a0 \u00a0 \u00a0 \u00a0\u00a0<\/span><\/span><\/span><\/h3>\n<p style=\"text-align: left;\"><strong><span style=\"color: #993300;\">\u00d5petajad<\/span><\/strong><br \/>\nOlga Belova<\/p>\n<p><span style=\"font-family: 'times new roman', times, serif; font-size: 12pt;\"><strong><span style=\"color: #993300;\">Abi\u00f5petaja<\/span><\/strong><\/span><\/p>\n<p>Irina\u00a0 Donetskaja<\/p>\n<p style=\"text-align: left;\"><strong><span style=\"color: #993300;\">Abi\u00f5petaja<\/span><\/strong><br \/>\nMarina Narajevskaja<\/p>\n<hr \/>\n<p><span style=\"font-size: 14pt; color: #993300;\"><strong>SIPELGAS<\/strong><br \/>\n<img loading=\"lazy\" decoding=\"async\" class=\"size-full wp-image-676 alignright\" src=\"http:\/\/lasteaiad.narvakultuur.ee\/cipollino\/wp-content\/uploads\/2017\/10\/5.jpg\" alt=\"\" width=\"255\" height=\"170\" \/><\/span><span style=\"font-size: 14pt; color: #993300;\"><span style=\"font-size: 1.14286rem; color: #444444;\"><strong>1-2 a. lapsed<\/strong>\u00a0 \u00a0 \u00a0 \u00a0 \u00a0 \u00a0 \u00a0 \u00a0 \u00a0 \u00a0 \u00a0 \u00a0 \u00a0 \u00a0 \u00a0 \u00a0 \u00a0 \u00a0 \u00a0 \u00a0 \u00a0 \u00a0 \u00a0 <\/span><\/span><\/p>\n<p><strong><span style=\"color: #993300;\">\u00d5petaja<\/span><\/strong><\/p>\n<p>Kristina Lotogoltseva<\/p>\n<p><span style=\"font-family: 'times new roman', times, serif; font-size: 12pt;\"><strong><span style=\"color: #993300;\">Abi\u00f5petaja<\/span><\/strong><\/span><\/p>\n<p><span style=\"font-family: 'times new roman', times, serif; font-size: 12pt;\">Jelena Pratkunas\u00a0 \u00a0 \u00a0 \u00a0 \u00a0 \u00a0 \u00a0 \u00a0 \u00a0 \u00a0 \u00a0 \u00a0 \u00a0 \u00a0 \u00a0 \u00a0 \u00a0 \u00a0 \u00a0 \u00a0 \u00a0 \u00a0 \u00a0 \u00a0 \u00a0 \u00a0 \u00a0 \u00a0 <\/span><\/p>\n<p><strong><span style=\"color: #993300;\">Abi\u00f5petaja<\/span><\/strong><br \/>\nOlga Ropp<\/p>\n<hr \/>\n<p><span style=\"font-size: 14pt; color: #993300;\"><strong>K\u00d5RVITSAKE<\/strong><br \/>\n<strong><img loading=\"lazy\" decoding=\"async\" class=\"size-full wp-image-652 alignright\" src=\"http:\/\/lasteaiad.narvakultuur.ee\/cipollino\/wp-content\/uploads\/2017\/03\/6.jpg\" alt=\"\" width=\"255\" height=\"170\" \/><\/strong><\/span><span style=\"font-size: 14pt; color: #993300;\"><span style=\"font-size: 1.14286rem; color: #444444;\"><strong>2-3 a. lapsed<\/strong>\u00a0 \u00a0 \u00a0 \u00a0 \u00a0 \u00a0 \u00a0 \u00a0 \u00a0 \u00a0 \u00a0 \u00a0 \u00a0 \u00a0 \u00a0 \u00a0 \u00a0 \u00a0 \u00a0 \u00a0 \u00a0 \u00a0 \u00a0 <\/span><\/span><\/p>\n<p><strong><span style=\"color: #993300;\">\u00d5petaja<\/span><\/strong><br \/>\n<span style=\"font-family: 'times new roman', times, serif; font-size: 12pt;\">Oksana Andrejeva<\/span><\/p>\n<p><span style=\"font-family: 'times new roman', times, serif; font-size: 12pt;\"><strong><span style=\"color: #993300;\">Abi\u00f5petaja<\/span><\/strong><\/span><\/p>\n<p><span style=\"font-family: 'times new roman', times, serif; font-size: 12pt;\">Larissa Vasiljeva\u00a0 \u00a0 \u00a0 \u00a0 \u00a0 \u00a0 \u00a0 \u00a0 \u00a0 \u00a0 \u00a0 \u00a0 \u00a0 \u00a0 \u00a0 \u00a0 \u00a0 \u00a0 \u00a0 \u00a0 \u00a0 \u00a0 \u00a0 \u00a0 \u00a0 \u00a0 \u00a0 \u00a0 \u00a0\u00a0<\/span><\/p>\n<p style=\"text-align: left;\"><strong><span style=\"color: #993300;\">Abi\u00f5petaja<\/span><\/strong><br \/>\nSvetlana Kuzmina<\/p>\n<hr \/>\n<h3><span style=\"font-size: 14pt; color: #993300;\">METSMAASIKAS <\/span><\/h3>\n<h3><span style=\"font-size: 14pt; color: #993300;\"><span style=\"color: #ff0000; font-size: 12pt;\">\u00a0\u00a0<\/span><\/span><span style=\"font-size: 14pt; color: #993300;\"><img loading=\"lazy\" decoding=\"async\" class=\"wp-image-677 size-full alignright\" src=\"http:\/\/lasteaiad.narvakultuur.ee\/cipollino\/wp-content\/uploads\/2017\/10\/7.jpg\" alt=\"\" width=\"255\" height=\"170\" \/><span style=\"color: #444444; font-size: 1.14286rem;\">6-7 a. lapsed\u00a0 \u00a0 \u00a0 \u00a0 \u00a0 \u00a0\u00a0<\/span><\/span><\/h3>\n<p style=\"text-align: left;\"><strong><span style=\"color: #993300;\">\u00d5petaja<\/span><\/strong><\/p>\n<p>Julia Kaidalova<\/p>\n<p style=\"text-align: left;\"><span style=\"font-family: 'times new roman', times, serif; font-size: 12pt;\"><strong><span style=\"color: #993300;\">Abi\u00f5petaja<\/span><\/strong><\/span><\/p>\n<p style=\"text-align: left;\"><span style=\"font-family: 'times new roman', times, serif; font-size: 12pt;\">Dana\u00a0 Gart\u0161eva\u00a0 \u00a0 \u00a0 \u00a0 \u00a0 \u00a0 \u00a0 \u00a0 \u00a0 \u00a0 \u00a0 \u00a0 \u00a0 \u00a0 \u00a0 \u00a0 \u00a0 \u00a0 \u00a0 \u00a0 \u00a0 \u00a0 \u00a0 \u00a0 \u00a0 \u00a0 \u00a0 \u00a0<\/span><\/p>\n<p style=\"text-align: left;\"><strong><span style=\"color: #993300;\">Abi\u00f5petaja<\/span><\/strong><br \/>\nUljana Batulina<\/p>\n<hr \/>\n<h3><span style=\"font-size: 14pt; color: #993300;\">KIRSIKE <\/span><\/h3>\n<h3><span style=\"font-size: 14pt; color: #993300;\"><img loading=\"lazy\" decoding=\"async\" class=\"size-full wp-image-654 alignright\" src=\"http:\/\/lasteaiad.narvakultuur.ee\/cipollino\/wp-content\/uploads\/2017\/03\/8.jpg\" alt=\"\" width=\"255\" height=\"170\" \/><span style=\"color: #444444; font-size: 1.14286rem;\">3-4 a. lapsed\u00a0 \u00a0 \u00a0 \u00a0 \u00a0 \u00a0 \u00a0 \u00a0 \u00a0 \u00a0 \u00a0 \u00a0 \u00a0 \u00a0 \u00a0 \u00a0 \u00a0 \u00a0 \u00a0 \u00a0 \u00a0 \u00a0 \u00a0\u00a0<\/span><\/span><\/h3>\n<p style=\"text-align: left;\"><strong><span style=\"color: #993300;\">\u00d5petaja\u00a0 \u00a0 \u00a0 \u00a0 \u00a0 \u00a0 \u00a0 \u00a0 \u00a0 \u00a0 \u00a0 \u00a0 \u00a0 \u00a0 \u00a0 \u00a0 \u00a0 \u00a0 \u00a0 \u00a0 \u00a0 \u00a0 \u00a0 \u00a0 \u00a0 \u00a0 \u00a0 \u00a0 \u00a0 \u00a0 \u00a0 \u00a0 \u00a0\u00a0<\/span><\/strong><\/p>\n<p style=\"text-align: left;\">Jelena Emaj\u00f5e<\/p>\n<p style=\"text-align: left;\"><strong><span style=\"color: #993300;\">Abi\u00f5petaja<\/span><\/strong><\/p>\n<p style=\"text-align: left;\">Tatjana Jakovleva<\/p>\n<p style=\"text-align: left;\"><strong><span style=\"color: #993300;\">Abi\u00f5petaja<\/span><\/strong><br \/>\nZoja Ujazina<\/p>\n<hr \/>\n<p><span style=\"font-family: arial, helvetica, sans-serif;\"><strong><span style=\"font-size: 14pt; color: #993300;\">MESILANE<\/span><\/strong><\/span><span style=\"font-size: 14pt; color: #993300;\">\u00a0<img loading=\"lazy\" decoding=\"async\" class=\"size-full wp-image-678 alignright\" src=\"http:\/\/lasteaiad.narvakultuur.ee\/cipollino\/wp-content\/uploads\/2017\/10\/9.jpg\" alt=\"\" width=\"255\" height=\"170\" \/><\/span><span style=\"font-size: 14pt; color: #993300;\"><span style=\"font-size: 1.14286rem; color: #444444;\"><span style=\"color: #666699;\">\u00a0<\/span><\/span><\/span><\/p>\n<p><span style=\"font-size: 14pt; color: #993300;\"><span style=\"font-size: 1.14286rem; color: #444444;\"><strong>5-6 a. lapsed\u00a0<\/strong> \u00a0 \u00a0 \u00a0 \u00a0 \u00a0 \u00a0 \u00a0 \u00a0 \u00a0 \u00a0 \u00a0 \u00a0 \u00a0 \u00a0 \u00a0 \u00a0 \u00a0 \u00a0 \u00a0 \u00a0 \u00a0 <\/span><\/span><span style=\"font-size: 14pt; color: #993300;\"><span style=\"color: #ff0000; font-size: 12pt;\">\u00a0 \u00a0 \u00a0 \u00a0 \u00a0 \u00a0 \u00a0 <\/span><\/span><\/p>\n<p><strong><span style=\"color: #993300;\">\u00d5petaja\u00a0 \u00a0 \u00a0 \u00a0 \u00a0 \u00a0 \u00a0 \u00a0 \u00a0 \u00a0 \u00a0 \u00a0 \u00a0 \u00a0 \u00a0 \u00a0 \u00a0 \u00a0 \u00a0 \u00a0 \u00a0 \u00a0 \u00a0 \u00a0 \u00a0 \u00a0 \u00a0 \u00a0 \u00a0 \u00a0 \u00a0 \u00a0\u00a0<\/span><\/strong><\/p>\n<p>Darina Kvjatkovskaja<\/p>\n<p><strong><span style=\"color: #993300;\">\u00d5petaja<\/span><\/strong><\/p>\n<p>Viktoria Ivleva<\/p>\n<p style=\"text-align: left;\"><strong><span style=\"color: #993300;\">Abi\u00f5petaja<\/span><\/strong><br \/>\nIrina Pajuste<\/p>\n<hr \/>\n<p><span style=\"color: #993300;\"><span style=\"font-size: 18.6667px;\"><strong>LEPATRIIN<\/strong> <\/span><\/span><span style=\"font-size: 14pt; color: #993300;\"><span style=\"color: #ff0000; font-size: 12pt;\">\u00a0 \u00a0 \u00a0 \u00a0 \u00a0 \u00a0 \u00a0 \u00a0<\/span><\/span><span style=\"font-size: 14pt; color: #993300;\"><img loading=\"lazy\" decoding=\"async\" class=\"size-full wp-image-656 alignright\" src=\"http:\/\/lasteaiad.narvakultuur.ee\/cipollino\/wp-content\/uploads\/2017\/03\/10.jpg\" alt=\"\" width=\"255\" height=\"170\" \/><\/span><\/p>\n<p><span style=\"font-size: 14pt; color: #993300;\"><span style=\"font-size: 14pt; color: #993300;\"><span style=\"font-size: 1.14286rem; color: #444444;\"><strong>4-5a. lapsed\u00a0 \u00a0<\/strong> \u00a0 \u00a0 \u00a0 \u00a0 \u00a0 \u00a0 \u00a0 \u00a0 \u00a0 <\/span><\/span><\/span><\/p>\n<p><span style=\"font-size: 14pt; color: #993300;\"><strong style=\"font-size: 1.14286rem; color: #444444;\"><span style=\"color: #993300;\">\u00d5petaja\u00a0 \u00a0 \u00a0 \u00a0 \u00a0 \u00a0 \u00a0 \u00a0 \u00a0 \u00a0 \u00a0 \u00a0 \u00a0 \u00a0 \u00a0 \u00a0 \u00a0 \u00a0 \u00a0 \u00a0 \u00a0 \u00a0 \u00a0 \u00a0 \u00a0 \u00a0 \u00a0 \u00a0 \u00a0 \u00a0 \u00a0 \u00a0 \u00a0 <\/span><\/strong><span style=\"font-size: 1.14286rem; color: #444444; font-family: 'times new roman', times, serif;\">\u00a0 \u00a0Svetlana Ivanova\u00a0 \u00a0 \u00a0 \u00a0 \u00a0 \u00a0 \u00a0 \u00a0 \u00a0 \u00a0 \u00a0 \u00a0 \u00a0 \u00a0 \u00a0 \u00a0 \u00a0 \u00a0 \u00a0 \u00a0 \u00a0 \u00a0 \u00a0 \u00a0 \u00a0 \u00a0<\/span><\/span><\/p>\n<p><span style=\"font-size: 14pt; color: #993300;\"><span style=\"font-size: 1.14286rem; color: #444444; font-family: 'times new roman', times, serif;\"><strong><span style=\"color: #993300;\">Abi\u00f5petaja<\/span><\/strong><\/span><\/span><\/p>\n<p><span style=\"font-size: 14pt; color: #993300;\"><span style=\"font-size: 1.14286rem; color: #444444; font-family: 'times new roman', times, serif;\">Darja Lebedeva<\/span><\/span><\/p>\n<p style=\"text-align: left;\"><strong><span style=\"color: #993300;\">Abi\u00f5petaja<\/span><\/strong><br \/>\nMarina Poznjak<\/p>\n<hr \/>\n<h3><span style=\"font-size: 14pt; color: #993300;\">ROHUTIRTS<br \/>\n<img loading=\"lazy\" decoding=\"async\" class=\"size-full wp-image-657 alignright\" src=\"http:\/\/lasteaiad.narvakultuur.ee\/cipollino\/wp-content\/uploads\/2017\/03\/11.jpg\" alt=\"\" width=\"255\" height=\"170\" \/><\/span>2-3.a.lapsed<\/h3>\n<p><span style=\"color: #993300;\"><b>\u00d5petaja<\/b><\/span><\/p>\n<p>Jelena \u017dukova<\/p>\n<p><strong><span style=\"color: #993300;\">Abi\u00f5petaja<\/span><\/strong><\/p>\n<p>Anna Drachan<\/p>\n<p><strong><span style=\"color: #993300;\">Abi\u00f5petaja<\/span><\/strong><br \/>\nGalina Ezhova<\/p>\n<hr \/>\n<h3><span style=\"font-size: 14pt; color: #993300;\">MUSTIKAS<br \/>\n<img loading=\"lazy\" decoding=\"async\" class=\"size-full wp-image-679 alignright\" src=\"http:\/\/lasteaiad.narvakultuur.ee\/cipollino\/wp-content\/uploads\/2017\/10\/12.jpg\" alt=\"\" width=\"255\" height=\"170\" \/><\/span>1-2.a. lapsed<\/h3>\n<p><strong><span style=\"color: #993300;\">\u00d5petaja<\/span><\/strong><\/p>\n<p>Julia Platova<\/p>\n<p><strong><span style=\"color: #993300;\">Abi\u00f5petaja<\/span><\/strong><\/p>\n<p>Tamara Donskihh<\/p>\n<p><strong><span style=\"color: #993300;\">Abi\u00f5petaja \u00a0 \u00a0 \u00a0 \u00a0 \u00a0 \u00a0 \u00a0 \u00a0 \u00a0 \u00a0 \u00a0 \u00a0 \u00a0 \u00a0 \u00a0 \u00a0 \u00a0 \u00a0 \u00a0 \u00a0 \u00a0 \u00a0 \u00a0 \u00a0 \u00a0 \u00a0 \u00a0 \u00a0 \u00a0 \u00a0\u00a0<\/span><\/strong><\/p>\n<p>Alla Navolokina<\/p>\n<p>&nbsp;<\/p>\n","protected":false},"excerpt":{"rendered":"<p>PIRN\u00a0 \u00a0 \u00a0 \u00a0 \u00a0 \u00a0 \u00a0 \u00a0 \u00a0 \u00a0 \u00a0 \u00a0 \u00a0 \u00a0 \u00a0 5-6 a. lapsed \u00d5petaja Jekaterina Grafova Abi\u00f5petaja Antonina Zelenova Abi\u00f5petaja Svetlana Arhipovski JAANIUSSIKE 5-6 a. lapsed\u00a0 \u00a0 \u00a0\u00a0 \u00a0 \u00a0 \u00a0 \u00a0 \u00a0 \u00a0 \u00a0 \u00a0 \u00a0 \u00a0 \u00a0 \u00a0 \u00a0 \u00a0 \u00a0 \u00a0 \u00a0 \u00a0 \u00a0 \u00a0 \u00d5petaja Natalja [&hellip;]<\/p>\n","protected":false},"author":4,"featured_media":0,"parent":0,"menu_order":0,"comment_status":"closed","ping_status":"closed","template":"","meta":{"footnotes":""},"class_list":["post-2561","page","type-page","status-publish","hentry"],"_links":{"self":[{"href":"http:\/\/lasteaiad.narvakultuur.ee\/cipollino\/wp-json\/wp\/v2\/pages\/2561","targetHints":{"allow":["GET"]}}],"collection":[{"href":"http:\/\/lasteaiad.narvakultuur.ee\/cipollino\/wp-json\/wp\/v2\/pages"}],"about":[{"href":"http:\/\/lasteaiad.narvakultuur.ee\/cipollino\/wp-json\/wp\/v2\/types\/page"}],"author":[{"embeddable":true,"href":"http:\/\/lasteaiad.narvakultuur.ee\/cipollino\/wp-json\/wp\/v2\/users\/4"}],"replies":[{"embeddable":true,"href":"http:\/\/lasteaiad.narvakultuur.ee\/cipollino\/wp-json\/wp\/v2\/comments?post=2561"}],"version-history":[{"count":35,"href":"http:\/\/lasteaiad.narvakultuur.ee\/cipollino\/wp-json\/wp\/v2\/pages\/2561\/revisions"}],"predecessor-version":[{"id":3639,"href":"http:\/\/lasteaiad.narvakultuur.ee\/cipollino\/wp-json\/wp\/v2\/pages\/2561\/revisions\/3639"}],"wp:attachment":[{"href":"http:\/\/lasteaiad.narvakultuur.ee\/cipollino\/wp-json\/wp\/v2\/media?parent=2561"}],"curies":[{"name":"wp","href":"https:\/\/api.w.org\/{rel}","templated":true}]}}