{"id":26,"date":"2017-03-19T11:25:36","date_gmt":"2017-03-19T09:25:36","guid":{"rendered":"http:\/\/lasteaiad.narvakultuur.ee\/cipollino\/?page_id=26"},"modified":"2026-03-10T14:37:08","modified_gmt":"2026-03-10T12:37:08","slug":"kontaktid","status":"publish","type":"page","link":"http:\/\/lasteaiad.narvakultuur.ee\/cipollino\/et\/avaleht\/kontaktid","title":{"rendered":"Kontaktid"},"content":{"rendered":"<p>e-post:\u00a0<a href=\"mailto:cipollino@narvakultuur.ee\">cipollino@narvakultuur.ee<\/a><br \/>\nKivilinna 11, 20607 Narva<\/p>\n<table>\n<tbody>\n<tr>\n<td><span style=\"font-size: 10pt;\"><strong><span style=\"color: #993300;\">Direktor<\/span><br \/>\n<\/strong>Oksana Le\u0161ihhina<\/span><br \/>\n<span style=\"font-size: 10pt;\"> 354 2988<\/span><\/td>\n<td><span style=\"color: #993300; font-size: 10pt;\"><strong>\u00d5ppejuht<\/strong><\/span><br \/>\n<span style=\"font-size: 13.3333px;\">Tatjana Feofanova<\/span><br \/>\n<span style=\"font-size: 10pt;\"> 354 2988<\/span><\/td>\n<\/tr>\n<tr>\n<td><span style=\"color: #993300; font-size: 10pt;\"><strong>Tervishoiut\u00f6\u00f6taja<\/strong><\/span><br \/>\n<span style=\"font-size: 10pt;\"> Tatjana Petrunina<\/span><br \/>\n<span style=\"font-size: 10pt;\"> 354 4698<\/span><\/td>\n<td><span style=\"color: #993300; font-size: 10pt;\"><strong>Majandusjuhataja<\/strong><\/span><br \/>\n<span style=\"font-size: 13.3333px;\">Viktor Neustus<\/span><br \/>\n<span style=\"font-size: 10pt;\"> 354 2987<\/span><\/td>\n<\/tr>\n<\/tbody>\n<\/table>\n<h3><span style=\"color: #993300;\">Asukoht<\/span><\/h3>\n<p><a href=\"http:\/\/iframe%20src=https:\/\/www.google.com\/maps\/embed?pb=!1m18!1m12!1m3!1d2031.739605391934!2d28.18026601586658!3d59.38737218167919!2m3!1f0!2f0!3f0!3m2!1i1024!2i768!4f13.1!3m3!1m2!1s0x469437e14e5569e1%3A0xc295a02620cafe9c!2sNarva+Lasteaed+Cipollino!5e0!3m2!1set!2see!4v1490035628416%20width=600%20height=450%20frameborder=0%20style=border:0%20allowfullscreen\/iframe\"><iframe loading=\"lazy\" style=\"border: 0;\" src=\"https:\/\/www.google.com\/maps\/embed?pb=!1m18!1m12!1m3!1d2031.739605391934!2d28.18026601586658!3d59.38737218167919!2m3!1f0!2f0!3f0!3m2!1i1024!2i768!4f13.1!3m3!1m2!1s0x469437e14e5569e1%3A0xc295a02620cafe9c!2sNarva+Lasteaed+Cipollino!5e0!3m2!1set!2see!4v1490035628416\" width=\"600\" height=\"450\" frameborder=\"0\" allowfullscreen=\"allowfullscreen\"><\/iframe><\/a><\/p>\n<p><strong>\u00a0<\/strong><\/p>\n<p><strong>Erivajadustega isikutele<\/strong><br data-start=\"442\" data-end=\"445\" \/>Lasteaia hoone ei ole liikumispuudega inimestele t\u00e4ielikult ligip\u00e4\u00e4setav.<br data-start=\"518\" data-end=\"521\" \/>Teabe ja abi saamiseks palume p\u00f6\u00f6rduda majandusjuhataja poole kontakt nr 3542987. Ratastooliga on v\u00f5imalik liikuda ainult I korrusel.<\/p>\n","protected":false},"excerpt":{"rendered":"<p>e-post:\u00a0cipollino@narvakultuur.ee Kivilinna 11, 20607 Narva Direktor Oksana Le\u0161ihhina 354 2988 \u00d5ppejuht Tatjana Feofanova 354 2988 Tervishoiut\u00f6\u00f6taja Tatjana Petrunina 354 4698 Majandusjuhataja Viktor Neustus 354 2987 Asukoht \u00a0 Erivajadustega isikuteleLasteaia hoone ei ole liikumispuudega inimestele t\u00e4ielikult ligip\u00e4\u00e4setav.Teabe ja abi saamiseks palume p\u00f6\u00f6rduda majandusjuhataja poole kontakt nr 3542987. Ratastooliga on v\u00f5imalik liikuda ainult I korrusel.<\/p>\n","protected":false},"author":1,"featured_media":0,"parent":17,"menu_order":0,"comment_status":"closed","ping_status":"closed","template":"","meta":{"footnotes":""},"class_list":["post-26","page","type-page","status-publish","hentry"],"_links":{"self":[{"href":"http:\/\/lasteaiad.narvakultuur.ee\/cipollino\/wp-json\/wp\/v2\/pages\/26","targetHints":{"allow":["GET"]}}],"collection":[{"href":"http:\/\/lasteaiad.narvakultuur.ee\/cipollino\/wp-json\/wp\/v2\/pages"}],"about":[{"href":"http:\/\/lasteaiad.narvakultuur.ee\/cipollino\/wp-json\/wp\/v2\/types\/page"}],"author":[{"embeddable":true,"href":"http:\/\/lasteaiad.narvakultuur.ee\/cipollino\/wp-json\/wp\/v2\/users\/1"}],"replies":[{"embeddable":true,"href":"http:\/\/lasteaiad.narvakultuur.ee\/cipollino\/wp-json\/wp\/v2\/comments?post=26"}],"version-history":[{"count":35,"href":"http:\/\/lasteaiad.narvakultuur.ee\/cipollino\/wp-json\/wp\/v2\/pages\/26\/revisions"}],"predecessor-version":[{"id":3707,"href":"http:\/\/lasteaiad.narvakultuur.ee\/cipollino\/wp-json\/wp\/v2\/pages\/26\/revisions\/3707"}],"up":[{"embeddable":true,"href":"http:\/\/lasteaiad.narvakultuur.ee\/cipollino\/wp-json\/wp\/v2\/pages\/17"}],"wp:attachment":[{"href":"http:\/\/lasteaiad.narvakultuur.ee\/cipollino\/wp-json\/wp\/v2\/media?parent=26"}],"curies":[{"name":"wp","href":"https:\/\/api.w.org\/{rel}","templated":true}]}}