{"id":2726,"date":"2023-11-15T11:33:50","date_gmt":"2023-11-15T09:33:50","guid":{"rendered":"http:\/\/lasteaiad.narvakultuur.ee\/cipollino\/?page_id=2726"},"modified":"2025-11-14T10:36:08","modified_gmt":"2025-11-14T08:36:08","slug":"programmid","status":"publish","type":"page","link":"http:\/\/lasteaiad.narvakultuur.ee\/cipollino\/et\/programmid","title":{"rendered":"Programmid"},"content":{"rendered":"<p><span style=\"font-family: 'comic sans ms', sans-serif; font-size: 14pt; color: #008000;\"><strong>Meie olulised suunad\u00a0<\/strong><\/span><strong><img loading=\"lazy\" decoding=\"async\" class=\"alignleft\" src=\"http:\/\/lasteaiad.narvakultuur.ee\/cipollino\/wp-content\/uploads\/2020\/02\/web-logo.png\" width=\"313\" height=\"286\" \/><\/strong><\/p>\n<p>Lasteaed on liitunud\u00a0<strong>Tervist Edendavate Lasteaedade (TEL) v\u00f5rgustikku<\/strong>. \u00a0Osaleb\u00a0<strong>Rohelise kooli<\/strong>\u00a0programmis ja kasutab aktiivselt\u00a0<strong>Robootika<\/strong>\u00a0seadmeid oma \u00f5ppet\u00f6\u00f6s.\u00a0 Samuti meie lasteaed p\u00f6\u00f6rab suurt t\u00e4helepanu \u00fcksteise arvestava ja kaasava kultuurile ja liitus Lastekaitse Liidu projektiga\u00a0<strong>\u201eKiusamisest vaba lasteaed\u201c<\/strong>, mille eesm\u00e4rgiks on luua kiusamist ennetav suhe.<\/p>\n<p>&nbsp;<\/p>\n","protected":false},"excerpt":{"rendered":"<p>Meie olulised suunad\u00a0 Lasteaed on liitunud\u00a0Tervist Edendavate Lasteaedade (TEL) v\u00f5rgustikku. \u00a0Osaleb\u00a0Rohelise kooli\u00a0programmis ja kasutab aktiivselt\u00a0Robootika\u00a0seadmeid oma \u00f5ppet\u00f6\u00f6s.\u00a0 Samuti meie lasteaed p\u00f6\u00f6rab suurt t\u00e4helepanu \u00fcksteise arvestava ja kaasava kultuurile ja liitus Lastekaitse Liidu projektiga\u00a0\u201eKiusamisest vaba lasteaed\u201c, mille eesm\u00e4rgiks on luua kiusamist ennetav suhe. &nbsp;<\/p>\n","protected":false},"author":4,"featured_media":0,"parent":0,"menu_order":0,"comment_status":"closed","ping_status":"closed","template":"","meta":{"footnotes":""},"class_list":["post-2726","page","type-page","status-publish","hentry"],"_links":{"self":[{"href":"http:\/\/lasteaiad.narvakultuur.ee\/cipollino\/wp-json\/wp\/v2\/pages\/2726","targetHints":{"allow":["GET"]}}],"collection":[{"href":"http:\/\/lasteaiad.narvakultuur.ee\/cipollino\/wp-json\/wp\/v2\/pages"}],"about":[{"href":"http:\/\/lasteaiad.narvakultuur.ee\/cipollino\/wp-json\/wp\/v2\/types\/page"}],"author":[{"embeddable":true,"href":"http:\/\/lasteaiad.narvakultuur.ee\/cipollino\/wp-json\/wp\/v2\/users\/4"}],"replies":[{"embeddable":true,"href":"http:\/\/lasteaiad.narvakultuur.ee\/cipollino\/wp-json\/wp\/v2\/comments?post=2726"}],"version-history":[{"count":6,"href":"http:\/\/lasteaiad.narvakultuur.ee\/cipollino\/wp-json\/wp\/v2\/pages\/2726\/revisions"}],"predecessor-version":[{"id":3658,"href":"http:\/\/lasteaiad.narvakultuur.ee\/cipollino\/wp-json\/wp\/v2\/pages\/2726\/revisions\/3658"}],"wp:attachment":[{"href":"http:\/\/lasteaiad.narvakultuur.ee\/cipollino\/wp-json\/wp\/v2\/media?parent=2726"}],"curies":[{"name":"wp","href":"https:\/\/api.w.org\/{rel}","templated":true}]}}