{"id":3034,"date":"2024-04-21T09:25:32","date_gmt":"2024-04-21T06:25:32","guid":{"rendered":"http:\/\/lasteaiad.narvakultuur.ee\/cipollino\/?page_id=3034"},"modified":"2025-11-14T10:37:22","modified_gmt":"2025-11-14T08:37:22","slug":"tel","status":"publish","type":"page","link":"http:\/\/lasteaiad.narvakultuur.ee\/cipollino\/et\/tel","title":{"rendered":"TEL"},"content":{"rendered":"<p><a href=\"https:\/\/docs.google.com\/document\/d\/1eGyw0zQMeXGltu8Lz_VIcYK0S9ev7j7e\/edit?usp=sharing&amp;ouid=107328251692781266470&amp;rtpof=true&amp;sd=true\"><span style=\"color: #666699;\"><strong><span style=\"font-size: 14pt;\">T\u00f6\u00f6kava 2025-2027<\/span><\/strong><\/span><\/a><\/p>\n<p><img loading=\"lazy\" decoding=\"async\" class=\"wp-image-3656 alignright\" src=\"http:\/\/lasteaiad.narvakultuur.ee\/cipollino\/wp-content\/uploads\/2025\/11\/Tel-poster-200x300.png\" alt=\"\" width=\"335\" height=\"503\" srcset=\"http:\/\/lasteaiad.narvakultuur.ee\/cipollino\/wp-content\/uploads\/2025\/11\/Tel-poster-200x300.png 200w, http:\/\/lasteaiad.narvakultuur.ee\/cipollino\/wp-content\/uploads\/2025\/11\/Tel-poster-682x1024.png 682w, http:\/\/lasteaiad.narvakultuur.ee\/cipollino\/wp-content\/uploads\/2025\/11\/Tel-poster-768x1152.png 768w, http:\/\/lasteaiad.narvakultuur.ee\/cipollino\/wp-content\/uploads\/2025\/11\/Tel-poster-624x936.png 624w, http:\/\/lasteaiad.narvakultuur.ee\/cipollino\/wp-content\/uploads\/2025\/11\/Tel-poster.png 853w\" sizes=\"auto, (max-width: 335px) 100vw, 335px\" \/><\/p>\n<p><span style=\"font-size: 14pt; color: #993300;\"><a style=\"color: #993300;\" href=\"http:\/\/lasteaiad.narvakultuur.ee\/cipollino\/wp-content\/uploads\/2025\/06\/AruanneTEL-24-25-1.docx\">TEL r\u00fchma aastaaruanne 2024-2025<\/a><\/span><\/p>\n<p><span style=\"font-weight: 400; font-family: 'comic sans ms', sans-serif; font-size: 14pt; color: #008000;\">TEL programmi peamised eesm\u00e4rgid<\/span><\/p>\n<ul>\n<li style=\"font-weight: 400;\" aria-level=\"1\"><span style=\"font-weight: 400;\">hoida ja tugevdada lapse tervist ning luua lastele heaolu toetavad tingimused.<\/span><\/li>\n<li style=\"font-weight: 400;\" aria-level=\"1\"><span style=\"font-weight: 400;\">toetada laste teadmiste omandamist tervislike eluviiside kujunemiseks.<\/span><\/li>\n<\/ul>\n<p><span style=\"font-weight: 400; font-size: 14pt; color: #008000;\">P\u00f5him\u00f5tted \u00f5ppe-ja kasvatustegevuse kavandamisel ja korraldamisel<\/span><\/p>\n<ul>\n<li style=\"font-weight: 400;\" aria-level=\"1\"><span style=\"font-weight: 400;\">kujundada lastel ettekujutus harmoonilisest seosest inimese ja \u00fcmbritseva keskkonna vahel ning vastutustunne tervise hoidmise eest.<\/span><\/li>\n<li style=\"font-weight: 400;\" aria-level=\"1\"><span style=\"font-weight: 400;\">tagada lapse emotsionaalne mugavus ning positiivne ps\u00fchholoogiline enesetunne suhtlemisel eakaaslaste ning t\u00e4iskasvanutega lasteaias .<\/span><\/li>\n<li style=\"font-weight: 400;\" aria-level=\"1\"><span style=\"font-weight: 400;\">kujundada h\u00e4id toitumisharjumusi.<\/span><\/li>\n<\/ul>\n<p><span style=\"font-weight: 400; font-family: 'comic sans ms', sans-serif; font-size: 14pt; color: #008000;\">\u00d5ppe- ja kasvatust\u00f6\u00f6 sisu:<\/span><\/p>\n<ul>\n<li style=\"font-weight: 400;\" aria-level=\"1\"><span style=\"font-weight: 400;\">tervist ja arengut stimuleeriva f\u00fc\u00fcsilise ja ps\u00fchhosotsiaalse keskkonna loomine: hommikuv\u00f5imlemine muusikasaalis; liikumine basseinis; mitmek\u00fclgne sportlik tegevus; f\u00fctoteraapia elemendid; lapsed osalevad \u00fcritustel, linnaosa ja linna spordip\u00e4evadel ja v\u00f5imlemispidudel<\/span><\/li>\n<li style=\"font-weight: 400;\" aria-level=\"1\"><span style=\"font-weight: 400;\">juurutakse <\/span><span style=\"font-weight: 400;\">\u201e<\/span><b><i>Kiusamisest vabaks<\/i><\/b><span style=\"font-weight: 400;\">!\u201c<\/span><\/li>\n<li style=\"font-weight: 400;\" aria-level=\"1\"><span style=\"font-weight: 400;\">isikliku h\u00fcgieeni ja suutervise edendamine &#8211; Suukooli projektis osalemine.<\/span><\/li>\n<\/ul>\n<div style=\"width: 625px;\" class=\"wp-video\"><video class=\"wp-video-shortcode\" id=\"video-3034-1\" width=\"625\" height=\"352\" preload=\"metadata\" controls=\"controls\"><source type=\"video\/mp4\" src=\"http:\/\/lasteaiad.narvakultuur.ee\/cipollino\/wp-content\/uploads\/2024\/04\/Terviseedendus-2.mp4?_=1\" \/><a href=\"http:\/\/lasteaiad.narvakultuur.ee\/cipollino\/wp-content\/uploads\/2024\/04\/Terviseedendus-2.mp4\">http:\/\/lasteaiad.narvakultuur.ee\/cipollino\/wp-content\/uploads\/2024\/04\/Terviseedendus-2.mp4<\/a><\/video><\/div>\n<div style=\"width: 625px;\" class=\"wp-video\"><video class=\"wp-video-shortcode\" id=\"video-3034-2\" width=\"625\" height=\"352\" preload=\"metadata\" controls=\"controls\"><source type=\"video\/mp4\" src=\"http:\/\/lasteaiad.narvakultuur.ee\/cipollino\/wp-content\/uploads\/2024\/04\/PROGRAMM-kIUSAMISEST-VABAKS-1.mp4?_=2\" \/><a href=\"http:\/\/lasteaiad.narvakultuur.ee\/cipollino\/wp-content\/uploads\/2024\/04\/PROGRAMM-kIUSAMISEST-VABAKS-1.mp4\">http:\/\/lasteaiad.narvakultuur.ee\/cipollino\/wp-content\/uploads\/2024\/04\/PROGRAMM-kIUSAMISEST-VABAKS-1.mp4<\/a><\/video><\/div>\n<p>&nbsp;<\/p>\n","protected":false},"excerpt":{"rendered":"<p>T\u00f6\u00f6kava 2025-2027 TEL r\u00fchma aastaaruanne 2024-2025 TEL programmi peamised eesm\u00e4rgid hoida ja tugevdada lapse tervist ning luua lastele heaolu toetavad tingimused. toetada laste teadmiste omandamist tervislike eluviiside kujunemiseks. P\u00f5him\u00f5tted \u00f5ppe-ja kasvatustegevuse kavandamisel ja korraldamisel kujundada lastel ettekujutus harmoonilisest seosest inimese ja \u00fcmbritseva keskkonna vahel ning vastutustunne tervise hoidmise eest. tagada lapse emotsionaalne mugavus ning positiivne [&hellip;]<\/p>\n","protected":false},"author":1,"featured_media":0,"parent":0,"menu_order":0,"comment_status":"closed","ping_status":"closed","template":"","meta":{"footnotes":""},"class_list":["post-3034","page","type-page","status-publish","hentry"],"_links":{"self":[{"href":"http:\/\/lasteaiad.narvakultuur.ee\/cipollino\/wp-json\/wp\/v2\/pages\/3034","targetHints":{"allow":["GET"]}}],"collection":[{"href":"http:\/\/lasteaiad.narvakultuur.ee\/cipollino\/wp-json\/wp\/v2\/pages"}],"about":[{"href":"http:\/\/lasteaiad.narvakultuur.ee\/cipollino\/wp-json\/wp\/v2\/types\/page"}],"author":[{"embeddable":true,"href":"http:\/\/lasteaiad.narvakultuur.ee\/cipollino\/wp-json\/wp\/v2\/users\/1"}],"replies":[{"embeddable":true,"href":"http:\/\/lasteaiad.narvakultuur.ee\/cipollino\/wp-json\/wp\/v2\/comments?post=3034"}],"version-history":[{"count":14,"href":"http:\/\/lasteaiad.narvakultuur.ee\/cipollino\/wp-json\/wp\/v2\/pages\/3034\/revisions"}],"predecessor-version":[{"id":3659,"href":"http:\/\/lasteaiad.narvakultuur.ee\/cipollino\/wp-json\/wp\/v2\/pages\/3034\/revisions\/3659"}],"wp:attachment":[{"href":"http:\/\/lasteaiad.narvakultuur.ee\/cipollino\/wp-json\/wp\/v2\/media?parent=3034"}],"curies":[{"name":"wp","href":"https:\/\/api.w.org\/{rel}","templated":true}]}}