{"id":3036,"date":"2024-04-21T09:29:10","date_gmt":"2024-04-21T06:29:10","guid":{"rendered":"http:\/\/lasteaiad.narvakultuur.ee\/cipollino\/?page_id=3036"},"modified":"2025-11-14T11:31:25","modified_gmt":"2025-11-14T09:31:25","slug":"robootika-2","status":"publish","type":"page","link":"http:\/\/lasteaiad.narvakultuur.ee\/cipollino\/et\/robootika-2","title":{"rendered":"Robootika"},"content":{"rendered":"<p><a href=\"https:\/\/docs.google.com\/document\/d\/1Fce8HnfTNDf33Mv2wIN6O2n6ZXKjzbaP\/edit?usp=sharing&amp;ouid=107328251692781266470&amp;rtpof=true&amp;sd=true\"><span style=\"color: #666699;\"><strong><span style=\"font-size: 14pt;\">T\u00f6\u00f6kava 2025-2027<\/span><\/strong><\/span><\/a><\/p>\n<p>&nbsp;<\/p>\n<div style=\"width: 625px;\" class=\"wp-video\"><video class=\"wp-video-shortcode\" id=\"video-3036-1\" width=\"625\" height=\"352\" preload=\"metadata\" controls=\"controls\"><source type=\"video\/mp4\" src=\"http:\/\/lasteaiad.narvakultuur.ee\/cipollino\/wp-content\/uploads\/2025\/06\/TANAME-TAHELEPANU-EEST.mp4?_=1\" \/><a href=\"http:\/\/lasteaiad.narvakultuur.ee\/cipollino\/wp-content\/uploads\/2025\/06\/TANAME-TAHELEPANU-EEST.mp4\">http:\/\/lasteaiad.narvakultuur.ee\/cipollino\/wp-content\/uploads\/2025\/06\/TANAME-TAHELEPANU-EEST.mp4<\/a><\/video><\/div>\n<p><span style=\"font-weight: 400; font-family: 'comic sans ms', sans-serif; font-size: 14pt; color: #008000;\">Robootika programmi peamised eesm\u00e4rgid:<\/span><\/p>\n<ul>\n<li style=\"font-weight: 400;\" aria-level=\"1\"><span style=\"font-weight: 400;\">teab robotite t\u00f6\u00f6p\u00f5him\u00f5teid<\/span><\/li>\n<li style=\"font-weight: 400;\" aria-level=\"1\"><span style=\"font-weight: 400;\">kasutab programmerimis tarkvara eakohaselt<\/span><\/li>\n<li style=\"font-weight: 400;\" aria-level=\"1\"><span style=\"font-weight: 400;\">omandab ja kinnistab uut teavet, uusi oskusi<\/span><\/li>\n<li style=\"font-weight: 400;\" aria-level=\"1\"><span style=\"font-weight: 400;\">tegutseb r\u00f5\u00f5muga, uurib ja katsetab (saab eduelamuse)<\/span><\/li>\n<li style=\"font-weight: 400;\" aria-level=\"1\"><span style=\"font-weight: 400;\">teeb koost\u00f6\u00f6d kaaslasega, \u00f5pib suhtlema<\/span><\/li>\n<li style=\"font-weight: 400;\" aria-level=\"1\"><span style=\"font-weight: 400;\">omandab k\u00e4itumisreegleid<\/span><\/li>\n<li style=\"font-weight: 400;\" aria-level=\"1\"><span style=\"font-weight: 400;\">teab digivahendite kasutamisega seotud riske<\/span><\/li>\n<\/ul>\n<p><img loading=\"lazy\" decoding=\"async\" class=\"wp-image-3654 alignright\" src=\"http:\/\/lasteaiad.narvakultuur.ee\/cipollino\/wp-content\/uploads\/2025\/11\/Robootika-poster-200x300.png\" alt=\"\" width=\"328\" height=\"492\" srcset=\"http:\/\/lasteaiad.narvakultuur.ee\/cipollino\/wp-content\/uploads\/2025\/11\/Robootika-poster-200x300.png 200w, http:\/\/lasteaiad.narvakultuur.ee\/cipollino\/wp-content\/uploads\/2025\/11\/Robootika-poster-683x1024.png 683w, http:\/\/lasteaiad.narvakultuur.ee\/cipollino\/wp-content\/uploads\/2025\/11\/Robootika-poster-768x1152.png 768w, http:\/\/lasteaiad.narvakultuur.ee\/cipollino\/wp-content\/uploads\/2025\/11\/Robootika-poster-624x936.png 624w, http:\/\/lasteaiad.narvakultuur.ee\/cipollino\/wp-content\/uploads\/2025\/11\/Robootika-poster.png 1024w\" sizes=\"auto, (max-width: 328px) 100vw, 328px\" \/><\/p>\n<p><span style=\"font-family: 'comic sans ms', sans-serif; font-size: 14pt; color: #008000;\"><span style=\"font-weight: 400;\">\u00a0<\/span><span style=\"font-weight: 400;\">P\u00f5him\u00f5tted \u00f5ppe-ja kasvatustegevuse kavandamisel ja korraldamisel:<\/span><\/span><\/p>\n<ul>\n<li style=\"font-weight: 400;\" aria-level=\"1\"><span style=\"font-weight: 400;\">lihtsate programmeerimisv\u00f5imaluste ja -keskkondadega tutvumine m\u00e4nguliste vahendite abil<\/span><\/li>\n<li style=\"font-weight: 400;\" aria-level=\"1\"><span style=\"font-weight: 400;\">digivahendid, robotid toetavad lapse \u00f5ppimist, suhtlemist, koost\u00f6\u00f6d, loovust, keelelist arengut ja loogilist m\u00f5tlemist ning anal\u00fc\u00fcsioskust<\/span><\/li>\n<li style=\"font-weight: 400;\" aria-level=\"1\"><span style=\"font-weight: 400;\">robootika on l\u00f5imitud teiste \u00f5ppe- ja kasvatustegevuse valdkondadega<\/span><\/li>\n<li style=\"font-weight: 400;\" aria-level=\"1\"><span style=\"font-weight: 400;\">t\u00e4helepanu, t\u00e4psuse, p\u00fcsivuse, kannatlikkuse jne. arendamine<\/span><\/li>\n<li style=\"font-weight: 400;\" aria-level=\"1\"><span style=\"font-weight: 400;\">tehnoloogiavahendite kasutamine on eesm\u00e4rgistatud ja t\u00e4iskasvanu poolt juhendatud<\/span><\/li>\n<li style=\"font-weight: 400;\" aria-level=\"1\"><span style=\"font-weight: 400;\">p\u00f5hir\u00f5hk turvalisusel (digivahendite turvaline kasutamine)<\/span><\/li>\n<\/ul>\n<p><span style=\"font-family: 'comic sans ms', sans-serif; font-size: 14pt; color: #008000;\"><span style=\"font-weight: 400;\">\u00a0<\/span><span style=\"font-weight: 400;\">\u00d5ppe- ja kasvatust\u00f6\u00f6 sisu:<\/span><\/span><\/p>\n<ul>\n<li style=\"font-weight: 400;\" aria-level=\"1\"><span style=\"font-weight: 400;\">robotite t\u00f6\u00f6p\u00f5him\u00f5tete \u00f5ppimine<\/span><\/li>\n<li style=\"font-weight: 400;\" aria-level=\"1\"><span style=\"font-weight: 400;\">robotite seadistamine<\/span><\/li>\n<li style=\"font-weight: 400;\" aria-level=\"1\"><span style=\"font-weight: 400;\">programmeerimis tarkvara eakohane kasutamine, jooniste ja juhendite koostamine ja lugemine<\/span><\/li>\n<li style=\"font-weight: 400;\" aria-level=\"1\"><span style=\"font-weight: 400;\">robotite liikumisradade loomine, t\u00e4iendamine, kasutamine<\/span><\/li>\n<li style=\"font-weight: 400;\" aria-level=\"1\"><span style=\"font-weight: 400;\">robotite kasutamine m\u00e4ngur\u00f5\u00f5mu kogemiseks<\/span><\/li>\n<li style=\"font-weight: 400;\" aria-level=\"1\"><span style=\"font-weight: 400;\">robootika tegevused viiakse l\u00e4bi individuaalselt ja r\u00fchmiti.<\/span><\/li>\n<li style=\"font-weight: 400;\" aria-level=\"1\"><span style=\"font-weight: 400;\">lisaks on v\u00f5imalus roboteid kasutada lasteaia \u00fcritustel ja pidudel.<\/span><\/li>\n<\/ul>\n<div style=\"width: 625px;\" class=\"wp-video\"><video class=\"wp-video-shortcode\" id=\"video-3036-2\" width=\"625\" height=\"352\" preload=\"metadata\" controls=\"controls\"><source type=\"video\/mp4\" src=\"http:\/\/lasteaiad.narvakultuur.ee\/cipollino\/wp-content\/uploads\/2024\/04\/robootika.mp4?_=2\" \/><a href=\"http:\/\/lasteaiad.narvakultuur.ee\/cipollino\/wp-content\/uploads\/2024\/04\/robootika.mp4\">http:\/\/lasteaiad.narvakultuur.ee\/cipollino\/wp-content\/uploads\/2024\/04\/robootika.mp4<\/a><\/video><\/div>\n<p>&nbsp;<\/p>\n<p><span style=\"font-size: 14pt; color: #993366;\"><strong><span style=\"font-family: 'comic sans ms', sans-serif;\">LAK-\u00d5PPE KUU 2024<\/span><\/strong><\/span><\/p>\n<div style=\"width: 625px;\" class=\"wp-video\"><video class=\"wp-video-shortcode\" id=\"video-3036-3\" width=\"625\" height=\"352\" preload=\"metadata\" controls=\"controls\"><source type=\"video\/mp4\" src=\"http:\/\/lasteaiad.narvakultuur.ee\/cipollino\/wp-content\/uploads\/2024\/05\/lak2024-2.mp4?_=3\" \/><a href=\"http:\/\/lasteaiad.narvakultuur.ee\/cipollino\/wp-content\/uploads\/2024\/05\/lak2024-2.mp4\">http:\/\/lasteaiad.narvakultuur.ee\/cipollino\/wp-content\/uploads\/2024\/05\/lak2024-2.mp4<\/a><\/video><\/div>\n<p>&nbsp;<\/p>\n<p>&nbsp;<\/p>\n<p>&nbsp;<\/p>\n","protected":false},"excerpt":{"rendered":"<p>T\u00f6\u00f6kava 2025-2027 &nbsp; Robootika programmi peamised eesm\u00e4rgid: teab robotite t\u00f6\u00f6p\u00f5him\u00f5teid kasutab programmerimis tarkvara eakohaselt omandab ja kinnistab uut teavet, uusi oskusi tegutseb r\u00f5\u00f5muga, uurib ja katsetab (saab eduelamuse) teeb koost\u00f6\u00f6d kaaslasega, \u00f5pib suhtlema omandab k\u00e4itumisreegleid teab digivahendite kasutamisega seotud riske \u00a0P\u00f5him\u00f5tted \u00f5ppe-ja kasvatustegevuse kavandamisel ja korraldamisel: lihtsate programmeerimisv\u00f5imaluste ja -keskkondadega tutvumine m\u00e4nguliste vahendite abil digivahendid, [&hellip;]<\/p>\n","protected":false},"author":1,"featured_media":0,"parent":0,"menu_order":0,"comment_status":"closed","ping_status":"closed","template":"","meta":{"footnotes":""},"class_list":["post-3036","page","type-page","status-publish","hentry"],"_links":{"self":[{"href":"http:\/\/lasteaiad.narvakultuur.ee\/cipollino\/wp-json\/wp\/v2\/pages\/3036","targetHints":{"allow":["GET"]}}],"collection":[{"href":"http:\/\/lasteaiad.narvakultuur.ee\/cipollino\/wp-json\/wp\/v2\/pages"}],"about":[{"href":"http:\/\/lasteaiad.narvakultuur.ee\/cipollino\/wp-json\/wp\/v2\/types\/page"}],"author":[{"embeddable":true,"href":"http:\/\/lasteaiad.narvakultuur.ee\/cipollino\/wp-json\/wp\/v2\/users\/1"}],"replies":[{"embeddable":true,"href":"http:\/\/lasteaiad.narvakultuur.ee\/cipollino\/wp-json\/wp\/v2\/comments?post=3036"}],"version-history":[{"count":10,"href":"http:\/\/lasteaiad.narvakultuur.ee\/cipollino\/wp-json\/wp\/v2\/pages\/3036\/revisions"}],"predecessor-version":[{"id":3661,"href":"http:\/\/lasteaiad.narvakultuur.ee\/cipollino\/wp-json\/wp\/v2\/pages\/3036\/revisions\/3661"}],"wp:attachment":[{"href":"http:\/\/lasteaiad.narvakultuur.ee\/cipollino\/wp-json\/wp\/v2\/media?parent=3036"}],"curies":[{"name":"wp","href":"https:\/\/api.w.org\/{rel}","templated":true}]}}