{"id":138,"date":"2016-04-18T15:42:29","date_gmt":"2016-04-18T12:42:29","guid":{"rendered":"http:\/\/lasteaiad.narvakultuur.ee\/muinasjutt\/?page_id=138"},"modified":"2024-05-20T10:39:28","modified_gmt":"2024-05-20T07:39:28","slug":"ruhm-janku","status":"publish","type":"page","link":"http:\/\/lasteaiad.narvakultuur.ee\/muinasjutt\/et\/ruhmad\/ruhm-janku","title":{"rendered":"R\u00fchm &#8220;J\u00e4nku&#8221;"},"content":{"rendered":"<p><img loading=\"lazy\" decoding=\"async\" class=\"alignleft wp-image-201\" src=\"http:\/\/lasteaiad.narvakultuur.ee\/muinasjutt\/wp-content\/uploads\/2016\/04\/ruhmad-janku-279x300.jpg\" alt=\"ruhmad-janku\" width=\"130\" height=\"140\" srcset=\"http:\/\/lasteaiad.narvakultuur.ee\/muinasjutt\/wp-content\/uploads\/2016\/04\/ruhmad-janku-279x300.jpg 279w, http:\/\/lasteaiad.narvakultuur.ee\/muinasjutt\/wp-content\/uploads\/2016\/04\/ruhmad-janku.jpg 299w\" sizes=\"auto, (max-width: 130px) 100vw, 130px\" \/><\/p>\n<p>R\u00fchm <strong>Janku<br \/>\n<\/strong>(2 \u2013 7 a)<\/p>\n<p><a href=\"http:\/\/lasteaiad.narvakultuur.ee\/muinasjutt\/wp-content\/uploads\/2024\/05\/Paevakava-2023-2024-oa.-Soe-hooaeg-1.pdf\">P\u00e4evakava<\/a><\/p>\n<hr \/>\n<p><strong><em>\u00d5petajad<\/em><\/strong><strong><em>:<\/em><\/strong><\/p>\n<ul>\n<li><span style=\"font-size: 17.6px\">Marina Rogova<\/span><\/li>\n<li><span style=\"font-size: 1.1em\">Olga Fedorova<\/span><\/li>\n<\/ul>\n<p><strong><em>\u00d5petaja abi<\/em><\/strong><strong><em>:<\/em><\/strong><\/p>\n<ul>\n<li>Ekaterina Tehhnikova<\/li>\n<\/ul>\n<p><strong><em>Eesti keele \u00f5petaja<\/em><\/strong><strong><em>:<\/em><\/strong><\/p>\n<ul>\n<li>Asta Norman<\/li>\n<\/ul>\n<p><strong><em>\u00a0<\/em><\/strong><strong><em>Muusika\u00f5petaja<\/em><\/strong><strong><em>:<\/em><\/strong><\/p>\n<ul>\n<li>Mariya Ross<\/li>\n<\/ul>\n<p><strong><em>\u00a0<\/em><\/strong><strong><em>Liikumis\u00f5petaja<\/em><\/strong><strong><em>:<\/em><\/strong><\/p>\n<ul>\n<li>Mariya Ross<\/li>\n<\/ul>\n<p>&nbsp;<\/p>\n","protected":false},"excerpt":{"rendered":"<p>R\u00fchm Janku (2 \u2013 7 a) P\u00e4evakava \u00d5petajad: Marina Rogova Olga Fedorova \u00d5petaja abi: Ekaterina Tehhnikova Eesti keele \u00f5petaja: Asta Norman \u00a0Muusika\u00f5petaja: Mariya Ross \u00a0Liikumis\u00f5petaja: Mariya Ross &nbsp;<\/p>\n","protected":false},"author":1,"featured_media":0,"parent":25,"menu_order":0,"comment_status":"closed","ping_status":"closed","template":"","meta":{"footnotes":""},"class_list":["post-138","page","type-page","status-publish","hentry"],"_links":{"self":[{"href":"http:\/\/lasteaiad.narvakultuur.ee\/muinasjutt\/wp-json\/wp\/v2\/pages\/138","targetHints":{"allow":["GET"]}}],"collection":[{"href":"http:\/\/lasteaiad.narvakultuur.ee\/muinasjutt\/wp-json\/wp\/v2\/pages"}],"about":[{"href":"http:\/\/lasteaiad.narvakultuur.ee\/muinasjutt\/wp-json\/wp\/v2\/types\/page"}],"author":[{"embeddable":true,"href":"http:\/\/lasteaiad.narvakultuur.ee\/muinasjutt\/wp-json\/wp\/v2\/users\/1"}],"replies":[{"embeddable":true,"href":"http:\/\/lasteaiad.narvakultuur.ee\/muinasjutt\/wp-json\/wp\/v2\/comments?post=138"}],"version-history":[{"count":24,"href":"http:\/\/lasteaiad.narvakultuur.ee\/muinasjutt\/wp-json\/wp\/v2\/pages\/138\/revisions"}],"predecessor-version":[{"id":11623,"href":"http:\/\/lasteaiad.narvakultuur.ee\/muinasjutt\/wp-json\/wp\/v2\/pages\/138\/revisions\/11623"}],"up":[{"embeddable":true,"href":"http:\/\/lasteaiad.narvakultuur.ee\/muinasjutt\/wp-json\/wp\/v2\/pages\/25"}],"wp:attachment":[{"href":"http:\/\/lasteaiad.narvakultuur.ee\/muinasjutt\/wp-json\/wp\/v2\/media?parent=138"}],"curies":[{"name":"wp","href":"https:\/\/api.w.org\/{rel}","templated":true}]}}