{"id":142,"date":"2016-04-18T15:44:57","date_gmt":"2016-04-18T12:44:57","guid":{"rendered":"http:\/\/lasteaiad.narvakultuur.ee\/muinasjutt\/?page_id=142"},"modified":"2024-05-20T10:44:24","modified_gmt":"2024-05-20T07:44:24","slug":"ruhm-kukeke","status":"publish","type":"page","link":"http:\/\/lasteaiad.narvakultuur.ee\/muinasjutt\/et\/ruhmad\/ruhm-kukeke","title":{"rendered":"R\u00fchm &#8220;Kukeke&#8221;"},"content":{"rendered":"<p><img loading=\"lazy\" decoding=\"async\" class=\"alignleft wp-image-202\" src=\"http:\/\/lasteaiad.narvakultuur.ee\/muinasjutt\/wp-content\/uploads\/2016\/04\/ruhmad-kukeke-263x300.jpg\" alt=\"ruhmad-kukeke\" width=\"130\" height=\"148\" srcset=\"http:\/\/lasteaiad.narvakultuur.ee\/muinasjutt\/wp-content\/uploads\/2016\/04\/ruhmad-kukeke-263x300.jpg 263w, http:\/\/lasteaiad.narvakultuur.ee\/muinasjutt\/wp-content\/uploads\/2016\/04\/ruhmad-kukeke-768x876.jpg 768w, http:\/\/lasteaiad.narvakultuur.ee\/muinasjutt\/wp-content\/uploads\/2016\/04\/ruhmad-kukeke.jpg 800w\" sizes=\"auto, (max-width: 130px) 100vw, 130px\" \/><\/p>\n<p>R\u00fchm <strong>Kukeke<br \/>\n<\/strong>(3 \u2013 5 a, meelepuudega\u00a0 r\u00fchm)<\/p>\n<p><a href=\"http:\/\/lasteaiad.narvakultuur.ee\/muinasjutt\/wp-content\/uploads\/2024\/05\/Paevakava-2023-2024-oa.-Soe-hooaeg3.pdf\">P\u00e4evakava<\/a><\/p>\n<hr \/>\n<p><strong><em>\u00d5petajad<\/em><\/strong><strong><em>:<\/em><\/strong><\/p>\n<ul>\n<li>Tatjana Kakourova<\/li>\n<li>Marika Ots<\/li>\n<\/ul>\n<p><strong><em>\u00d5petaja abi<\/em><\/strong><strong><em>:<\/em><\/strong><\/p>\n<ul>\n<li>Ljudmila Laidoner<\/li>\n<\/ul>\n<p><a href=\"http:\/\/lasteaiad.narvakultuur.ee\/muinasjutt\/et\/arhiiv\/category\/ruhma-kukeke-tuflopedagoog\"><strong><em>Eripedagoog<\/em><\/strong><\/a><strong><em>:<\/em><\/strong><\/p>\n<ul>\n<li>Marianna Mo\u0161kova<\/li>\n<\/ul>\n<p><strong><em>\u00a0<\/em><\/strong><strong><em>Logopeed:<\/em><\/strong><\/p>\n<ul>\n<li><\/li>\n<\/ul>\n<p><strong><em>Eesti keele \u00f5petaja<\/em><\/strong><strong><em>:<\/em><\/strong><\/p>\n<ul>\n<li>Asta Norman<\/li>\n<\/ul>\n<p><strong><em>\u00a0<\/em><\/strong><strong><em>Muusika\u00f5petaja<\/em><\/strong><strong><em>:<\/em><\/strong><\/p>\n<ul>\n<li>Mariya Ross<\/li>\n<\/ul>\n<p><strong><em>\u00a0<\/em><\/strong><strong><em>Liikumis\u00f5petaja<\/em><\/strong><strong><em>:<\/em><\/strong><\/p>\n<ul>\n<li>Mariya Ross<\/li>\n<\/ul>\n<p><strong><em>\u00a0<\/em><\/strong><strong><em>Oftalmoloog<\/em><\/strong><strong><em>:<\/em><\/strong><\/p>\n<ul>\n<li>Albina Arkhipova<\/li>\n<\/ul>\n<p><strong><em>Med\u00f5de-ortoptist<\/em><\/strong><strong><em>:<\/em><\/strong><\/p>\n<ul>\n<li>Veronika St\u00f5ngat\u0161<\/li>\n<\/ul>\n<p>&nbsp;<\/p>\n<p>&nbsp;<\/p>\n","protected":false},"excerpt":{"rendered":"<p>R\u00fchm Kukeke (3 \u2013 5 a, meelepuudega\u00a0 r\u00fchm) P\u00e4evakava \u00d5petajad: Tatjana Kakourova Marika Ots \u00d5petaja abi: Ljudmila Laidoner Eripedagoog: Marianna Mo\u0161kova \u00a0Logopeed: Eesti keele \u00f5petaja: Asta Norman \u00a0Muusika\u00f5petaja: Mariya Ross \u00a0Liikumis\u00f5petaja: Mariya Ross \u00a0Oftalmoloog: Albina Arkhipova Med\u00f5de-ortoptist: Veronika &hellip; <\/p>\n<div class=\"more-link-wrapper\"><a href=\"http:\/\/lasteaiad.narvakultuur.ee\/muinasjutt\/et\/ruhmad\/ruhm-kukeke\" class=\"more-link\">Continue reading<span class=\"screen-reader-text\"> &#8220;R\u00fchm &#8220;Kukeke&#8221;&#8221;<\/span><\/a><\/div>\n","protected":false},"author":1,"featured_media":0,"parent":25,"menu_order":0,"comment_status":"closed","ping_status":"closed","template":"","meta":{"footnotes":""},"class_list":["post-142","page","type-page","status-publish","hentry"],"_links":{"self":[{"href":"http:\/\/lasteaiad.narvakultuur.ee\/muinasjutt\/wp-json\/wp\/v2\/pages\/142","targetHints":{"allow":["GET"]}}],"collection":[{"href":"http:\/\/lasteaiad.narvakultuur.ee\/muinasjutt\/wp-json\/wp\/v2\/pages"}],"about":[{"href":"http:\/\/lasteaiad.narvakultuur.ee\/muinasjutt\/wp-json\/wp\/v2\/types\/page"}],"author":[{"embeddable":true,"href":"http:\/\/lasteaiad.narvakultuur.ee\/muinasjutt\/wp-json\/wp\/v2\/users\/1"}],"replies":[{"embeddable":true,"href":"http:\/\/lasteaiad.narvakultuur.ee\/muinasjutt\/wp-json\/wp\/v2\/comments?post=142"}],"version-history":[{"count":28,"href":"http:\/\/lasteaiad.narvakultuur.ee\/muinasjutt\/wp-json\/wp\/v2\/pages\/142\/revisions"}],"predecessor-version":[{"id":11631,"href":"http:\/\/lasteaiad.narvakultuur.ee\/muinasjutt\/wp-json\/wp\/v2\/pages\/142\/revisions\/11631"}],"up":[{"embeddable":true,"href":"http:\/\/lasteaiad.narvakultuur.ee\/muinasjutt\/wp-json\/wp\/v2\/pages\/25"}],"wp:attachment":[{"href":"http:\/\/lasteaiad.narvakultuur.ee\/muinasjutt\/wp-json\/wp\/v2\/media?parent=142"}],"curies":[{"name":"wp","href":"https:\/\/api.w.org\/{rel}","templated":true}]}}