{"id":146,"date":"2016-04-18T15:46:08","date_gmt":"2016-04-18T12:46:08","guid":{"rendered":"http:\/\/lasteaiad.narvakultuur.ee\/muinasjutt\/?page_id=146"},"modified":"2024-05-20T10:41:41","modified_gmt":"2024-05-20T07:41:41","slug":"ruhm-kuuseke","status":"publish","type":"page","link":"http:\/\/lasteaiad.narvakultuur.ee\/muinasjutt\/et\/ruhmad\/ruhm-kuuseke","title":{"rendered":"R\u00fchm &#8220;Kuuseke&#8221;"},"content":{"rendered":"<p><img loading=\"lazy\" decoding=\"async\" class=\"alignleft wp-image-199\" src=\"http:\/\/lasteaiad.narvakultuur.ee\/muinasjutt\/wp-content\/uploads\/2016\/04\/ruhmad-kuuseke.jpg\" alt=\"ruhmad-kuuseke\" width=\"130\" height=\"120\" \/><\/p>\n<p>R\u00fchm <strong>Kuuseke<br \/>\n<\/strong>(2 \u2013 7a, liitr\u00fchm)<\/p>\n<p>R\u00fchm t\u00f6\u00f6tab pilootprojekti \u201eProfessioonalne eestikeelne \u00f5petaja venekeelses r\u00fchmas\u201c\u00a0 ja programmi &#8220;Kiusamisest vabaks&#8221; raames<\/p>\n<p><a href=\"http:\/\/lasteaiad.narvakultuur.ee\/muinasjutt\/wp-content\/uploads\/2024\/05\/Paevakava-2023-2024-oa.-Soe-hooaeg-2.pdf\">P\u00e4evakava<\/a><\/p>\n<hr \/>\n<p><strong><em>\u00d5petajad<\/em><\/strong><strong><em>:<\/em><\/strong><\/p>\n<ul>\n<li>Marina Hoolma<\/li>\n<li>Svetlana Blagodatskaja<\/li>\n<\/ul>\n<p><strong><em>\u00d5petaja abi<\/em><\/strong><strong><em>:<\/em><\/strong><\/p>\n<ul>\n<li>Jelena Pankova<\/li>\n<\/ul>\n<p><strong><em>Logopeed<\/em><\/strong><\/p>\n<ul>\n<li><\/li>\n<\/ul>\n<p><strong><em>Eesti keele \u00f5petaja<\/em><\/strong><strong><em>:<\/em><\/strong><\/p>\n<ul>\n<li>Niina Koz\u00f5reva<\/li>\n<\/ul>\n<p><strong><em>\u00a0<\/em><\/strong><strong><em>Muusika\u00f5petaja<\/em><\/strong><strong><em>:<\/em><\/strong><\/p>\n<ul>\n<li>Mariya Ross<\/li>\n<\/ul>\n<p><strong><em>\u00a0<\/em><\/strong><strong><em>Liikumis\u00f5petaja<\/em><\/strong><strong><em>:<\/em><\/strong><\/p>\n<ul>\n<li>Mariya Ross<\/li>\n<\/ul>\n<p>&nbsp;<\/p>\n<p><a href=\"http:\/\/lasteaiad.narvakultuur.ee\/muinasjutt\/wp-content\/uploads\/2022\/11\/\u00d5ppe-ja-kasvatustegevus-\u00abEestikeelne-r\u00fchma\u00f5petaja-vene-\u00f5ppekeelega-lasteaiar\u00fchmas\u00bb-projekti-raames.docx\">\u00d5ppe- ja kasvatustegevus \u00abEestikeelne r\u00fchma\u00f5petaja vene \u00f5ppekeelega lasteaiar\u00fchmas\u00bb projekti raames<\/a><\/p>\n<p><a href=\"http:\/\/lasteaiad.narvakultuur.ee\/muinasjutt\/wp-content\/uploads\/2022\/11\/Lapse-arengu-eeldatavad-tulemused-valdkonnas-\u201eEesti-keel-kui-teine-keel\u201c-piloot-projekti-raames.docx\">Lapse arengu eeldatavad tulemused valdkonnas \u201eEesti keel kui teine keel\u201c piloot projekti raames<\/a><\/p>\n<p><a href=\"http:\/\/lasteaiad.narvakultuur.ee\/muinasjutt\/wp-content\/uploads\/2022\/11\/Eesti-keel-ja-muusika-integreeritud-tegevus.docx\">Eesti keel ja muusika (integreeritud tegevus)<\/a><\/p>\n","protected":false},"excerpt":{"rendered":"<p>R\u00fchm Kuuseke (2 \u2013 7a, liitr\u00fchm) R\u00fchm t\u00f6\u00f6tab pilootprojekti \u201eProfessioonalne eestikeelne \u00f5petaja venekeelses r\u00fchmas\u201c\u00a0 ja programmi &#8220;Kiusamisest vabaks&#8221; raames P\u00e4evakava \u00d5petajad: Marina Hoolma Svetlana Blagodatskaja \u00d5petaja abi: Jelena Pankova Logopeed Eesti keele \u00f5petaja: Niina Koz\u00f5reva \u00a0Muusika\u00f5petaja: Mariya Ross &hellip; <\/p>\n<div class=\"more-link-wrapper\"><a href=\"http:\/\/lasteaiad.narvakultuur.ee\/muinasjutt\/et\/ruhmad\/ruhm-kuuseke\" class=\"more-link\">Continue reading<span class=\"screen-reader-text\"> &#8220;R\u00fchm &#8220;Kuuseke&#8221;&#8221;<\/span><\/a><\/div>\n","protected":false},"author":1,"featured_media":0,"parent":25,"menu_order":0,"comment_status":"closed","ping_status":"closed","template":"","meta":{"footnotes":""},"class_list":["post-146","page","type-page","status-publish","hentry"],"_links":{"self":[{"href":"http:\/\/lasteaiad.narvakultuur.ee\/muinasjutt\/wp-json\/wp\/v2\/pages\/146","targetHints":{"allow":["GET"]}}],"collection":[{"href":"http:\/\/lasteaiad.narvakultuur.ee\/muinasjutt\/wp-json\/wp\/v2\/pages"}],"about":[{"href":"http:\/\/lasteaiad.narvakultuur.ee\/muinasjutt\/wp-json\/wp\/v2\/types\/page"}],"author":[{"embeddable":true,"href":"http:\/\/lasteaiad.narvakultuur.ee\/muinasjutt\/wp-json\/wp\/v2\/users\/1"}],"replies":[{"embeddable":true,"href":"http:\/\/lasteaiad.narvakultuur.ee\/muinasjutt\/wp-json\/wp\/v2\/comments?post=146"}],"version-history":[{"count":22,"href":"http:\/\/lasteaiad.narvakultuur.ee\/muinasjutt\/wp-json\/wp\/v2\/pages\/146\/revisions"}],"predecessor-version":[{"id":11625,"href":"http:\/\/lasteaiad.narvakultuur.ee\/muinasjutt\/wp-json\/wp\/v2\/pages\/146\/revisions\/11625"}],"up":[{"embeddable":true,"href":"http:\/\/lasteaiad.narvakultuur.ee\/muinasjutt\/wp-json\/wp\/v2\/pages\/25"}],"wp:attachment":[{"href":"http:\/\/lasteaiad.narvakultuur.ee\/muinasjutt\/wp-json\/wp\/v2\/media?parent=146"}],"curies":[{"name":"wp","href":"https:\/\/api.w.org\/{rel}","templated":true}]}}