{"id":150,"date":"2016-04-18T15:47:14","date_gmt":"2016-04-18T12:47:14","guid":{"rendered":"http:\/\/lasteaiad.narvakultuur.ee\/muinasjutt\/?page_id=150"},"modified":"2024-05-20T10:46:20","modified_gmt":"2024-05-20T07:46:20","slug":"ruhm-oravake","status":"publish","type":"page","link":"http:\/\/lasteaiad.narvakultuur.ee\/muinasjutt\/et\/ruhmad\/ruhm-oravake","title":{"rendered":"R\u00fchm &#8220;Oravake&#8221;"},"content":{"rendered":"<p><img loading=\"lazy\" decoding=\"async\" class=\"alignleft wp-image-200\" src=\"http:\/\/lasteaiad.narvakultuur.ee\/muinasjutt\/wp-content\/uploads\/2016\/04\/ruhmad-oravake.jpg\" alt=\"ruhmad-oravake\" width=\"130\" height=\"143\" \/><\/p>\n<p>R\u00fchm <strong>Oravake<br \/>\n<\/strong>(2 \u2013 7 a, meelepuudega\u00a0 r\u00fchm)<\/p>\n<p><a href=\"http:\/\/lasteaiad.narvakultuur.ee\/muinasjutt\/wp-content\/uploads\/2024\/05\/Paevakava-2023-2024-oa.-Soe-hooaeg-4.pdf\">P\u00e4evakava<\/a><\/p>\n<p>&nbsp;<\/p>\n<hr \/>\n<p><strong><em>\u00d5petajad<\/em><\/strong><strong><em>:<\/em><\/strong><\/p>\n<ul>\n<li>Marina Dobr\u00f5nina<\/li>\n<li>Jelena Mikke<\/li>\n<\/ul>\n<p><strong><em>\u00d5petaja abi<\/em><\/strong><strong><em>:<\/em><\/strong><\/p>\n<ul>\n<li>Tatjana Smirnova<\/li>\n<\/ul>\n<p><a href=\"http:\/\/lasteaiad.narvakultuur.ee\/muinasjutt\/et\/arhiiv\/category\/ruhma-oravake-tuflopedagoog\"><strong><em>Eripedagoog<\/em><\/strong><\/a><strong><em>:<\/em><\/strong><\/p>\n<ul>\n<li>Alla Gurevskaja<\/li>\n<\/ul>\n<p><strong><em>\u00a0<\/em><\/strong><strong><em>Logopeed<\/em><\/strong><\/p>\n<ul>\n<li><\/li>\n<\/ul>\n<p><strong><em>Eesti keele \u00f5petaja<\/em><\/strong><strong><em>:<\/em><\/strong><\/p>\n<ul>\n<li>Asta Norman<\/li>\n<\/ul>\n<p><strong><em>\u00a0<\/em><\/strong><strong><em>Muusika\u00f5petaja<\/em><\/strong><strong><em>:<\/em><\/strong><\/p>\n<ul>\n<li>Mariya Ross<\/li>\n<\/ul>\n<p><strong><em>\u00a0<\/em><\/strong><strong><em>Liikumis\u00f5petaja<\/em><\/strong><strong><em>:<\/em><\/strong><\/p>\n<ul>\n<li>Mariya Ross<\/li>\n<\/ul>\n<p><strong><em>\u00a0<\/em><\/strong><strong><em>Oftalmoloog<\/em><\/strong><strong><em>:<\/em><\/strong><\/p>\n<ul>\n<li>Albina Arkhipova<\/li>\n<\/ul>\n<p><strong><em>Med\u00f5de-ortoptist<\/em><\/strong><strong><em>:<\/em><\/strong><\/p>\n<ul>\n<li>Veronika St\u00f5ngat\u0161<\/li>\n<\/ul>\n<p>&nbsp;<\/p>\n","protected":false},"excerpt":{"rendered":"<p>R\u00fchm Oravake (2 \u2013 7 a, meelepuudega\u00a0 r\u00fchm) P\u00e4evakava &nbsp; \u00d5petajad: Marina Dobr\u00f5nina Jelena Mikke \u00d5petaja abi: Tatjana Smirnova Eripedagoog: Alla Gurevskaja \u00a0Logopeed Eesti keele \u00f5petaja: Asta Norman \u00a0Muusika\u00f5petaja: Mariya Ross \u00a0Liikumis\u00f5petaja: Mariya Ross \u00a0Oftalmoloog: Albina Arkhipova Med\u00f5de-ortoptist: &hellip; <\/p>\n<div class=\"more-link-wrapper\"><a href=\"http:\/\/lasteaiad.narvakultuur.ee\/muinasjutt\/et\/ruhmad\/ruhm-oravake\" class=\"more-link\">Continue reading<span class=\"screen-reader-text\"> &#8220;R\u00fchm &#8220;Oravake&#8221;&#8221;<\/span><\/a><\/div>\n","protected":false},"author":1,"featured_media":0,"parent":25,"menu_order":0,"comment_status":"closed","ping_status":"closed","template":"","meta":{"footnotes":""},"class_list":["post-150","page","type-page","status-publish","hentry"],"_links":{"self":[{"href":"http:\/\/lasteaiad.narvakultuur.ee\/muinasjutt\/wp-json\/wp\/v2\/pages\/150","targetHints":{"allow":["GET"]}}],"collection":[{"href":"http:\/\/lasteaiad.narvakultuur.ee\/muinasjutt\/wp-json\/wp\/v2\/pages"}],"about":[{"href":"http:\/\/lasteaiad.narvakultuur.ee\/muinasjutt\/wp-json\/wp\/v2\/types\/page"}],"author":[{"embeddable":true,"href":"http:\/\/lasteaiad.narvakultuur.ee\/muinasjutt\/wp-json\/wp\/v2\/users\/1"}],"replies":[{"embeddable":true,"href":"http:\/\/lasteaiad.narvakultuur.ee\/muinasjutt\/wp-json\/wp\/v2\/comments?post=150"}],"version-history":[{"count":21,"href":"http:\/\/lasteaiad.narvakultuur.ee\/muinasjutt\/wp-json\/wp\/v2\/pages\/150\/revisions"}],"predecessor-version":[{"id":11633,"href":"http:\/\/lasteaiad.narvakultuur.ee\/muinasjutt\/wp-json\/wp\/v2\/pages\/150\/revisions\/11633"}],"up":[{"embeddable":true,"href":"http:\/\/lasteaiad.narvakultuur.ee\/muinasjutt\/wp-json\/wp\/v2\/pages\/25"}],"wp:attachment":[{"href":"http:\/\/lasteaiad.narvakultuur.ee\/muinasjutt\/wp-json\/wp\/v2\/media?parent=150"}],"curies":[{"name":"wp","href":"https:\/\/api.w.org\/{rel}","templated":true}]}}