{"id":29,"date":"2016-04-17T21:22:37","date_gmt":"2016-04-17T18:22:37","guid":{"rendered":"http:\/\/lasteaiad.narvakultuur.ee\/muinasjutt\/?page_id=29"},"modified":"2024-01-22T12:04:39","modified_gmt":"2024-01-22T10:04:39","slug":"dokumendid","status":"publish","type":"page","link":"http:\/\/lasteaiad.narvakultuur.ee\/muinasjutt\/et\/dokumendid","title":{"rendered":"Dokumendid"},"content":{"rendered":"<ul>\n<li><strong><strong><a href=\"http:\/\/dhs.narva.ee\/?page=pub_startup&amp;desktop=57835&amp;tid=1&amp;u=20101006132412=20090115080707&amp;desktop=57835\" target=\"_blank\" rel=\"noopener noreferrer\">DOKUMENDIREGISTER<\/a><\/strong><\/strong><br \/>\n<hr \/>\n<\/li>\n<\/ul>\n<ul>\n<li><a href=\"https:\/\/www.riigiteataja.ee\/akt\/415112023005\" target=\"_blank\" rel=\"noopener noreferrer\">Lasteaia p\u00f5him\u00e4\u00e4rus<\/a><\/li>\n<li><a href=\"http:\/\/lasteaiad.narvakultuur.ee\/muinasjutt\/wp-content\/uploads\/2023\/10\/kodukord-\u0434\u043b\u044f-\u0441\u0430\u0439\u0442\u0430.pdf\" target=\"_blank\" rel=\"noopener noreferrer\">Lasteaia kodukord<\/a><\/li>\n<li><a href=\"http:\/\/lasteaiad.narvakultuur.ee\/muinasjutt\/arengukava-20-25\">Lasteaia arengukava 2020 -2025<\/a><\/li>\n<li><a href=\"http:\/\/lasteaiad.narvakultuur.ee\/muinasjutt\/wp-content\/uploads\/2023\/09\/tegevuskava-2023-2024.oa_.pdf\">Lasteaia tegevuskava<\/a><\/li>\n<li><a href=\"http:\/\/lasteaiad.narvakultuur.ee\/muinasjutt\/wp-content\/uploads\/2023\/10\/hoolekogu.pdf\">Lasteaia hoolekogu koosseishoolekogu<\/a><\/li>\n<\/ul>\n<hr \/>\n<ul>\n<li><a href=\"https:\/\/www.riigiteataja.ee\/akt\/410092022008?leiaKehtiv\" target=\"_blank\" rel=\"noopener noreferrer\">Narva linna koolieelsesse munitsipaallasteasutusse laste vastuv\u00f5tu ja sealt v\u00e4ljaarvamise kord<\/a><\/li>\n<li><a href=\"https:\/\/www.riigiteataja.ee\/akt\/404022022048\" target=\"_blank\" rel=\"noopener noreferrer\">Narva linna koolieelsete munitsipaallasteasutuste muude kulude vanemate poolt kaetava osa m\u00e4\u00e4ra kehtestamine<\/a><\/li>\n<li><a href=\"https:\/\/www.riigiteataja.ee\/akt\/407012016017\" target=\"_blank\" rel=\"noopener noreferrer\">Narva linna koolieelsete lasteasutuste lahtioleku aeg<\/a><\/li>\n<\/ul>\n","protected":false},"excerpt":{"rendered":"<p>DOKUMENDIREGISTER Lasteaia p\u00f5him\u00e4\u00e4rus Lasteaia kodukord Lasteaia arengukava 2020 -2025 Lasteaia tegevuskava Lasteaia hoolekogu koosseishoolekogu Narva linna koolieelsesse munitsipaallasteasutusse laste vastuv\u00f5tu ja sealt v\u00e4ljaarvamise kord Narva linna koolieelsete munitsipaallasteasutuste muude kulude vanemate poolt kaetava osa m\u00e4\u00e4ra kehtestamine Narva linna &hellip; <\/p>\n<div class=\"more-link-wrapper\"><a href=\"http:\/\/lasteaiad.narvakultuur.ee\/muinasjutt\/et\/dokumendid\" class=\"more-link\">Continue reading<span class=\"screen-reader-text\"> &#8220;Dokumendid&#8221;<\/span><\/a><\/div>\n","protected":false},"author":1,"featured_media":0,"parent":0,"menu_order":0,"comment_status":"closed","ping_status":"closed","template":"","meta":{"footnotes":""},"class_list":["post-29","page","type-page","status-publish","hentry"],"_links":{"self":[{"href":"http:\/\/lasteaiad.narvakultuur.ee\/muinasjutt\/wp-json\/wp\/v2\/pages\/29","targetHints":{"allow":["GET"]}}],"collection":[{"href":"http:\/\/lasteaiad.narvakultuur.ee\/muinasjutt\/wp-json\/wp\/v2\/pages"}],"about":[{"href":"http:\/\/lasteaiad.narvakultuur.ee\/muinasjutt\/wp-json\/wp\/v2\/types\/page"}],"author":[{"embeddable":true,"href":"http:\/\/lasteaiad.narvakultuur.ee\/muinasjutt\/wp-json\/wp\/v2\/users\/1"}],"replies":[{"embeddable":true,"href":"http:\/\/lasteaiad.narvakultuur.ee\/muinasjutt\/wp-json\/wp\/v2\/comments?post=29"}],"version-history":[{"count":58,"href":"http:\/\/lasteaiad.narvakultuur.ee\/muinasjutt\/wp-json\/wp\/v2\/pages\/29\/revisions"}],"predecessor-version":[{"id":11340,"href":"http:\/\/lasteaiad.narvakultuur.ee\/muinasjutt\/wp-json\/wp\/v2\/pages\/29\/revisions\/11340"}],"wp:attachment":[{"href":"http:\/\/lasteaiad.narvakultuur.ee\/muinasjutt\/wp-json\/wp\/v2\/media?parent=29"}],"curies":[{"name":"wp","href":"https:\/\/api.w.org\/{rel}","templated":true}]}}