{"id":76,"date":"2023-04-26T15:30:48","date_gmt":"2023-04-26T12:30:48","guid":{"rendered":"http:\/\/lasteaiad.narvakultuur.ee\/muinasjutt\/?page_id=76"},"modified":"2024-01-04T14:35:37","modified_gmt":"2024-01-04T12:35:37","slug":"lasteaiatasu","status":"publish","type":"page","link":"http:\/\/lasteaiad.narvakultuur.ee\/muinasjutt\/et\/lapsevanemale\/lasteaiatasu","title":{"rendered":"Lasteaiatasu"},"content":{"rendered":"<p>Lasteaiatasu.<\/p>\n<p><a href=\"http:\/\/raha.narvakultuur.ee\/teenustasu\" target=\"_blank\" rel=\"noopener noreferrer\">http:\/\/raha.narvakultuur.ee\/teenustasu<\/a><\/p>\n<p>Alates 01.01.2024.a. vanema osa koostab 36,25 eurot kuus \u00fche lapse kohta.<\/p>\n<p>Alates 01.05.2023 Narva Lasteaia\u00a0 Muinasjutt lapse toidukulu p\u00e4evamaksumuse<\/p>\n<ul>\n<li>Lapse toidukulu p\u00e4evamaksumus eurodes<\/li>\n<\/ul>\n<table>\n<tbody>\n<tr>\n<td width=\"174\">\u00d6\u00f6p\u00e4evase toiduvajadus<\/td>\n<td width=\"189\">P\u00e4evamaksumus lastes\u00f5imer\u00fchma<\/td>\n<td width=\"189\">P\u00e4evamaksumus laseteaiar\u00fchma<\/td>\n<\/tr>\n<tr>\n<td width=\"174\">Hommikus\u00f6\u00f6k<\/td>\n<td width=\"189\">0,60<\/td>\n<td width=\"189\">0,65<\/td>\n<\/tr>\n<tr>\n<td width=\"174\">L\u00f5unas\u00f6\u00f6k<\/td>\n<td width=\"189\">0,95<\/td>\n<td width=\"189\">1,05<\/td>\n<\/tr>\n<tr>\n<td width=\"174\">\u00f5htuoode<\/td>\n<td width=\"189\">0,55<\/td>\n<td width=\"189\">0,60<\/td>\n<\/tr>\n<tr>\n<td width=\"174\"><strong>Kokku p\u00e4evas<\/strong><\/td>\n<td width=\"189\"><strong>2,10<\/strong><\/td>\n<td width=\"189\"><strong>2,30<\/strong><\/td>\n<\/tr>\n<\/tbody>\n<\/table>\n","protected":false},"excerpt":{"rendered":"<p>Lasteaiatasu. http:\/\/raha.narvakultuur.ee\/teenustasu Alates 01.01.2024.a. vanema osa koostab 36,25 eurot kuus \u00fche lapse kohta. Alates 01.05.2023 Narva Lasteaia\u00a0 Muinasjutt lapse toidukulu p\u00e4evamaksumuse Lapse toidukulu p\u00e4evamaksumus eurodes \u00d6\u00f6p\u00e4evase toiduvajadus P\u00e4evamaksumus lastes\u00f5imer\u00fchma P\u00e4evamaksumus laseteaiar\u00fchma Hommikus\u00f6\u00f6k 0,60 0,65 L\u00f5unas\u00f6\u00f6k 0,95 1,05 \u00f5htuoode &hellip; <\/p>\n<div class=\"more-link-wrapper\"><a href=\"http:\/\/lasteaiad.narvakultuur.ee\/muinasjutt\/et\/lapsevanemale\/lasteaiatasu\" class=\"more-link\">Continue reading<span class=\"screen-reader-text\"> &#8220;Lasteaiatasu&#8221;<\/span><\/a><\/div>\n","protected":false},"author":1,"featured_media":0,"parent":21,"menu_order":0,"comment_status":"closed","ping_status":"closed","template":"","meta":{"footnotes":""},"class_list":["post-76","page","type-page","status-publish","hentry"],"_links":{"self":[{"href":"http:\/\/lasteaiad.narvakultuur.ee\/muinasjutt\/wp-json\/wp\/v2\/pages\/76","targetHints":{"allow":["GET"]}}],"collection":[{"href":"http:\/\/lasteaiad.narvakultuur.ee\/muinasjutt\/wp-json\/wp\/v2\/pages"}],"about":[{"href":"http:\/\/lasteaiad.narvakultuur.ee\/muinasjutt\/wp-json\/wp\/v2\/types\/page"}],"author":[{"embeddable":true,"href":"http:\/\/lasteaiad.narvakultuur.ee\/muinasjutt\/wp-json\/wp\/v2\/users\/1"}],"replies":[{"embeddable":true,"href":"http:\/\/lasteaiad.narvakultuur.ee\/muinasjutt\/wp-json\/wp\/v2\/comments?post=76"}],"version-history":[{"count":13,"href":"http:\/\/lasteaiad.narvakultuur.ee\/muinasjutt\/wp-json\/wp\/v2\/pages\/76\/revisions"}],"predecessor-version":[{"id":11334,"href":"http:\/\/lasteaiad.narvakultuur.ee\/muinasjutt\/wp-json\/wp\/v2\/pages\/76\/revisions\/11334"}],"up":[{"embeddable":true,"href":"http:\/\/lasteaiad.narvakultuur.ee\/muinasjutt\/wp-json\/wp\/v2\/pages\/21"}],"wp:attachment":[{"href":"http:\/\/lasteaiad.narvakultuur.ee\/muinasjutt\/wp-json\/wp\/v2\/media?parent=76"}],"curies":[{"name":"wp","href":"https:\/\/api.w.org\/{rel}","templated":true}]}}