{"id":183,"date":"2016-10-01T12:27:06","date_gmt":"2016-10-01T09:27:06","guid":{"rendered":"http:\/\/lasteaiad.narvakultuur.ee\/pingviin\/?page_id=183"},"modified":"2025-11-17T09:28:04","modified_gmt":"2025-11-17T07:28:04","slug":"ruhm-kelluke","status":"publish","type":"page","link":"http:\/\/lasteaiad.narvakultuur.ee\/pingviin\/et\/ruhmad\/ruhm-kelluke","title":{"rendered":"R\u00fchm &#8220;Kelluke&#8221;"},"content":{"rendered":"<p><img loading=\"lazy\" decoding=\"async\" class=\"alignnone wp-image-161 size-thumbnail\" src=\"http:\/\/lasteaiad.narvakultuur.ee\/pingviin\/wp-content\/uploads\/2016\/10\/ruhmad-ruhm-kelluke-150x150.jpg\" alt=\"ruhmad-ruhm-kelluke\" width=\"150\" height=\"150\" \/><\/p>\n<h5><span style=\"color: #49038f\"><strong>Lasteaiar\u00fchm nr 2 Kelluke<br \/>\n<\/strong>(lapsed 4 kuni 5 aastat)<\/span><\/h5>\n<p><span style=\"color: #49038f\">\u00d5petajad: Milena Naidjonova<\/span><br \/>\n<span style=\"color: #49038f\">Abi\u00f5petaja: Marina Prokofjeva<br \/>\n<\/span><span style=\"color: #49038f\">Logopeed: Galina Nalimova<\/span><br \/>\n<span style=\"color: #49038f\">Abi\u00f5petaja: Svetlana Grigorjeva<\/span><\/p>\n<hr \/>\n<p><img loading=\"lazy\" decoding=\"async\" class=\"size-full wp-image-3758 alignleft\" src=\"http:\/\/lasteaiad.narvakultuur.ee\/pingviin\/wp-content\/uploads\/2025\/09\/Kelluke.3-jpg.jpg\" alt=\"\" width=\"720\" height=\"1024\" srcset=\"http:\/\/lasteaiad.narvakultuur.ee\/pingviin\/wp-content\/uploads\/2025\/09\/Kelluke.3-jpg.jpg 720w, http:\/\/lasteaiad.narvakultuur.ee\/pingviin\/wp-content\/uploads\/2025\/09\/Kelluke.3-jpg-211x300.jpg 211w\" sizes=\"auto, (max-width: 720px) 100vw, 720px\" \/><\/p>\n<p><strong>P<\/strong><\/p>\n","protected":false},"excerpt":{"rendered":"<p>Lasteaiar\u00fchm nr 2 Kelluke (lapsed 4 kuni 5 aastat) \u00d5petajad: Milena Naidjonova Abi\u00f5petaja: Marina Prokofjeva Logopeed: Galina Nalimova Abi\u00f5petaja: Svetlana Grigorjeva P<\/p>\n","protected":false},"author":5,"featured_media":0,"parent":49,"menu_order":0,"comment_status":"closed","ping_status":"closed","template":"","meta":{"footnotes":""},"class_list":["post-183","page","type-page","status-publish","hentry"],"_links":{"self":[{"href":"http:\/\/lasteaiad.narvakultuur.ee\/pingviin\/wp-json\/wp\/v2\/pages\/183","targetHints":{"allow":["GET"]}}],"collection":[{"href":"http:\/\/lasteaiad.narvakultuur.ee\/pingviin\/wp-json\/wp\/v2\/pages"}],"about":[{"href":"http:\/\/lasteaiad.narvakultuur.ee\/pingviin\/wp-json\/wp\/v2\/types\/page"}],"author":[{"embeddable":true,"href":"http:\/\/lasteaiad.narvakultuur.ee\/pingviin\/wp-json\/wp\/v2\/users\/5"}],"replies":[{"embeddable":true,"href":"http:\/\/lasteaiad.narvakultuur.ee\/pingviin\/wp-json\/wp\/v2\/comments?post=183"}],"version-history":[{"count":31,"href":"http:\/\/lasteaiad.narvakultuur.ee\/pingviin\/wp-json\/wp\/v2\/pages\/183\/revisions"}],"predecessor-version":[{"id":3911,"href":"http:\/\/lasteaiad.narvakultuur.ee\/pingviin\/wp-json\/wp\/v2\/pages\/183\/revisions\/3911"}],"up":[{"embeddable":true,"href":"http:\/\/lasteaiad.narvakultuur.ee\/pingviin\/wp-json\/wp\/v2\/pages\/49"}],"wp:attachment":[{"href":"http:\/\/lasteaiad.narvakultuur.ee\/pingviin\/wp-json\/wp\/v2\/media?parent=183"}],"curies":[{"name":"wp","href":"https:\/\/api.w.org\/{rel}","templated":true}]}}