{"id":201,"date":"2016-10-01T12:36:02","date_gmt":"2016-10-01T09:36:02","guid":{"rendered":"http:\/\/lasteaiad.narvakultuur.ee\/pingviin\/?page_id=201"},"modified":"2025-11-17T09:29:14","modified_gmt":"2025-11-17T07:29:14","slug":"ruhm-loosilm","status":"publish","type":"page","link":"http:\/\/lasteaiad.narvakultuur.ee\/pingviin\/et\/ruhmad\/ruhm-loosilm","title":{"rendered":"R\u00fchm &#8220;L\u00f5osilm&#8221;"},"content":{"rendered":"<p><img loading=\"lazy\" decoding=\"async\" class=\"alignnone size-full wp-image-164\" src=\"http:\/\/lasteaiad.narvakultuur.ee\/pingviin\/wp-content\/uploads\/2016\/10\/ruhmad-ruhm-loosilm-e1475322512258.jpg\" alt=\"ruhmad-ruhm-loosilm\" width=\"124\" height=\"150\" \/><\/p>\n<h5><span style=\"color: #3366ff\"><strong>T\u00f5hustatud toega r\u00fchm nr 5 L\u00f5osilm<br \/>\n<\/strong>(lapsed 3 kuni 7 aastat)<\/span><\/h5>\n<p><span style=\"color: #3366ff\">\u00d5petaja: Tatjana Fal\u00f5nskova<\/span><br \/>\n<span style=\"color: #3366ff\">Abi\u00f5petaja: Tatjana Khelaia<\/span><br \/>\n<span style=\"color: #3366ff\">Logopeed: Jekaterina Boiko<\/span><br \/>\n<span style=\"color: #3366ff\">Abi\u00f5petaja: Jekaterina Pilags<\/span><\/p>\n<hr \/>\n<p><img loading=\"lazy\" decoding=\"async\" class=\"size-full wp-image-3734 alignleft\" src=\"http:\/\/lasteaiad.narvakultuur.ee\/pingviin\/wp-content\/uploads\/2025\/09\/LOOSILM.jpg\" alt=\"\" width=\"720\" height=\"1024\" srcset=\"http:\/\/lasteaiad.narvakultuur.ee\/pingviin\/wp-content\/uploads\/2025\/09\/LOOSILM.jpg 720w, http:\/\/lasteaiad.narvakultuur.ee\/pingviin\/wp-content\/uploads\/2025\/09\/LOOSILM-211x300.jpg 211w\" sizes=\"auto, (max-width: 720px) 100vw, 720px\" \/><\/p>\n<p>&nbsp;<\/p>\n<p>&nbsp;<\/p>\n<p>&nbsp;<\/p>\n","protected":false},"excerpt":{"rendered":"<p>T\u00f5hustatud toega r\u00fchm nr 5 L\u00f5osilm (lapsed 3 kuni 7 aastat) \u00d5petaja: Tatjana Fal\u00f5nskova Abi\u00f5petaja: Tatjana Khelaia Logopeed: Jekaterina Boiko Abi\u00f5petaja: Jekaterina Pilags &nbsp; &nbsp; &nbsp;<\/p>\n","protected":false},"author":5,"featured_media":0,"parent":49,"menu_order":0,"comment_status":"closed","ping_status":"closed","template":"","meta":{"footnotes":""},"class_list":["post-201","page","type-page","status-publish","hentry"],"_links":{"self":[{"href":"http:\/\/lasteaiad.narvakultuur.ee\/pingviin\/wp-json\/wp\/v2\/pages\/201","targetHints":{"allow":["GET"]}}],"collection":[{"href":"http:\/\/lasteaiad.narvakultuur.ee\/pingviin\/wp-json\/wp\/v2\/pages"}],"about":[{"href":"http:\/\/lasteaiad.narvakultuur.ee\/pingviin\/wp-json\/wp\/v2\/types\/page"}],"author":[{"embeddable":true,"href":"http:\/\/lasteaiad.narvakultuur.ee\/pingviin\/wp-json\/wp\/v2\/users\/5"}],"replies":[{"embeddable":true,"href":"http:\/\/lasteaiad.narvakultuur.ee\/pingviin\/wp-json\/wp\/v2\/comments?post=201"}],"version-history":[{"count":29,"href":"http:\/\/lasteaiad.narvakultuur.ee\/pingviin\/wp-json\/wp\/v2\/pages\/201\/revisions"}],"predecessor-version":[{"id":3912,"href":"http:\/\/lasteaiad.narvakultuur.ee\/pingviin\/wp-json\/wp\/v2\/pages\/201\/revisions\/3912"}],"up":[{"embeddable":true,"href":"http:\/\/lasteaiad.narvakultuur.ee\/pingviin\/wp-json\/wp\/v2\/pages\/49"}],"wp:attachment":[{"href":"http:\/\/lasteaiad.narvakultuur.ee\/pingviin\/wp-json\/wp\/v2\/media?parent=201"}],"curies":[{"name":"wp","href":"https:\/\/api.w.org\/{rel}","templated":true}]}}