{"id":217,"date":"2016-10-01T12:59:33","date_gmt":"2016-10-01T09:59:33","guid":{"rendered":"http:\/\/lasteaiad.narvakultuur.ee\/pingviin\/?page_id=217"},"modified":"2025-09-15T15:03:58","modified_gmt":"2025-09-15T12:03:58","slug":"ruhm-voilill","status":"publish","type":"page","link":"http:\/\/lasteaiad.narvakultuur.ee\/pingviin\/et\/ruhmad\/ruhm-voilill","title":{"rendered":"R\u00fchm &#8220;V\u00f5ilill&#8221;"},"content":{"rendered":"<p><img loading=\"lazy\" decoding=\"async\" class=\"alignnone wp-image-176 size-full\" src=\"http:\/\/lasteaiad.narvakultuur.ee\/pingviin\/wp-content\/uploads\/2016\/10\/ruhmad-ruhm-voilill-e1475323695124.jpg\" alt=\"ruhmad-ruhm-voilill\" width=\"150\" height=\"107\" \/><\/p>\n<h5><span style=\"color: #008000\"><strong>Eritoega r\u00fchm nr 10\u00a0<\/strong><strong>V\u00f5ilill<br \/>\n<\/strong>(lapsed 3 kuni 7 aastat)<\/span><\/h5>\n<p><span style=\"color: #008000\">\u00d5petaja: Jevgenia Belova<\/span><br \/>\n<span style=\"color: #008000\">Abi\u00f5petaja: Natalja Sizova<\/span><br \/>\n<span style=\"color: #008000\">Eripedagoog:Ljubov Gadal\u0161ina<\/span><br \/>\n<span style=\"color: #008000\">Logopeed:<\/span><br \/>\n<span style=\"color: #008000\">Abi\u00f5petaja: Ramziya Kutuzova<\/span><\/p>\n<hr \/>\n<p><img loading=\"lazy\" decoding=\"async\" class=\"size-full wp-image-3748 alignleft\" src=\"http:\/\/lasteaiad.narvakultuur.ee\/pingviin\/wp-content\/uploads\/2025\/09\/Voilill.jpg\" alt=\"\" width=\"720\" height=\"1024\" srcset=\"http:\/\/lasteaiad.narvakultuur.ee\/pingviin\/wp-content\/uploads\/2025\/09\/Voilill.jpg 720w, http:\/\/lasteaiad.narvakultuur.ee\/pingviin\/wp-content\/uploads\/2025\/09\/Voilill-211x300.jpg 211w\" sizes=\"auto, (max-width: 720px) 100vw, 720px\" \/><\/p>\n<p>&nbsp;<\/p>\n","protected":false},"excerpt":{"rendered":"<p>Eritoega r\u00fchm nr 10\u00a0V\u00f5ilill (lapsed 3 kuni 7 aastat) \u00d5petaja: Jevgenia Belova Abi\u00f5petaja: Natalja Sizova Eripedagoog:Ljubov Gadal\u0161ina Logopeed: Abi\u00f5petaja: Ramziya Kutuzova &nbsp;<\/p>\n","protected":false},"author":5,"featured_media":0,"parent":49,"menu_order":0,"comment_status":"closed","ping_status":"closed","template":"","meta":{"footnotes":""},"class_list":["post-217","page","type-page","status-publish","hentry"],"_links":{"self":[{"href":"http:\/\/lasteaiad.narvakultuur.ee\/pingviin\/wp-json\/wp\/v2\/pages\/217","targetHints":{"allow":["GET"]}}],"collection":[{"href":"http:\/\/lasteaiad.narvakultuur.ee\/pingviin\/wp-json\/wp\/v2\/pages"}],"about":[{"href":"http:\/\/lasteaiad.narvakultuur.ee\/pingviin\/wp-json\/wp\/v2\/types\/page"}],"author":[{"embeddable":true,"href":"http:\/\/lasteaiad.narvakultuur.ee\/pingviin\/wp-json\/wp\/v2\/users\/5"}],"replies":[{"embeddable":true,"href":"http:\/\/lasteaiad.narvakultuur.ee\/pingviin\/wp-json\/wp\/v2\/comments?post=217"}],"version-history":[{"count":24,"href":"http:\/\/lasteaiad.narvakultuur.ee\/pingviin\/wp-json\/wp\/v2\/pages\/217\/revisions"}],"predecessor-version":[{"id":3749,"href":"http:\/\/lasteaiad.narvakultuur.ee\/pingviin\/wp-json\/wp\/v2\/pages\/217\/revisions\/3749"}],"up":[{"embeddable":true,"href":"http:\/\/lasteaiad.narvakultuur.ee\/pingviin\/wp-json\/wp\/v2\/pages\/49"}],"wp:attachment":[{"href":"http:\/\/lasteaiad.narvakultuur.ee\/pingviin\/wp-json\/wp\/v2\/media?parent=217"}],"curies":[{"name":"wp","href":"https:\/\/api.w.org\/{rel}","templated":true}]}}