{"id":221,"date":"2016-10-01T13:07:06","date_gmt":"2016-10-01T10:07:06","guid":{"rendered":"http:\/\/lasteaiad.narvakultuur.ee\/pingviin\/?page_id=221"},"modified":"2025-09-23T09:43:45","modified_gmt":"2025-09-23T06:43:45","slug":"ruhm-piibeleht","status":"publish","type":"page","link":"http:\/\/lasteaiad.narvakultuur.ee\/pingviin\/et\/ruhmad\/ruhm-piibeleht","title":{"rendered":"R\u00fchm &#8220;Piibeleht&#8221;"},"content":{"rendered":"<p><img loading=\"lazy\" decoding=\"async\" class=\"alignnone wp-image-170 size-thumbnail\" src=\"http:\/\/lasteaiad.narvakultuur.ee\/pingviin\/wp-content\/uploads\/2016\/10\/ruhmad-ruhm-piibeleht-150x150.jpg\" alt=\"ruhmad-ruhm-piibeleht\" width=\"150\" height=\"150\" \/><\/p>\n<h5><span style=\"color: #993300\"><strong>Liitr\u00fchm nr 11 Piibeleht<br \/>\n<\/strong>(lapsed 2 kuni 4 aastat)<\/span><\/h5>\n<p><span style=\"color: #993300\">\u00d5petaja: Jekaterina Ridanova<\/span><br \/>\n<span style=\"color: #993300\">Abi\u00f5petaja: Diana Belskaja<\/span><br \/>\n<span style=\"color: #993300\">Logopeed: Galina Nalimova<\/span><br \/>\n<span style=\"color: #993300\">Abi\u00f5petaja: Oksana Ivleva<\/span><\/p>\n<hr \/>\n<p><img loading=\"lazy\" decoding=\"async\" class=\"size-full wp-image-3722 alignleft\" src=\"http:\/\/lasteaiad.narvakultuur.ee\/pingviin\/wp-content\/uploads\/2025\/09\/Piibeleht.jpg\" alt=\"\" width=\"960\" height=\"797\" srcset=\"http:\/\/lasteaiad.narvakultuur.ee\/pingviin\/wp-content\/uploads\/2025\/09\/Piibeleht.jpg 960w, http:\/\/lasteaiad.narvakultuur.ee\/pingviin\/wp-content\/uploads\/2025\/09\/Piibeleht-300x249.jpg 300w, http:\/\/lasteaiad.narvakultuur.ee\/pingviin\/wp-content\/uploads\/2025\/09\/Piibeleht-768x638.jpg 768w\" sizes=\"auto, (max-width: 960px) 100vw, 960px\" \/><\/p>\n<p>&nbsp;<\/p>\n","protected":false},"excerpt":{"rendered":"<p>Liitr\u00fchm nr 11 Piibeleht (lapsed 2 kuni 4 aastat) \u00d5petaja: Jekaterina Ridanova Abi\u00f5petaja: Diana Belskaja Logopeed: Galina Nalimova Abi\u00f5petaja: Oksana Ivleva &nbsp;<\/p>\n","protected":false},"author":5,"featured_media":0,"parent":49,"menu_order":0,"comment_status":"closed","ping_status":"closed","template":"","meta":{"footnotes":""},"class_list":["post-221","page","type-page","status-publish","hentry"],"_links":{"self":[{"href":"http:\/\/lasteaiad.narvakultuur.ee\/pingviin\/wp-json\/wp\/v2\/pages\/221","targetHints":{"allow":["GET"]}}],"collection":[{"href":"http:\/\/lasteaiad.narvakultuur.ee\/pingviin\/wp-json\/wp\/v2\/pages"}],"about":[{"href":"http:\/\/lasteaiad.narvakultuur.ee\/pingviin\/wp-json\/wp\/v2\/types\/page"}],"author":[{"embeddable":true,"href":"http:\/\/lasteaiad.narvakultuur.ee\/pingviin\/wp-json\/wp\/v2\/users\/5"}],"replies":[{"embeddable":true,"href":"http:\/\/lasteaiad.narvakultuur.ee\/pingviin\/wp-json\/wp\/v2\/comments?post=221"}],"version-history":[{"count":24,"href":"http:\/\/lasteaiad.narvakultuur.ee\/pingviin\/wp-json\/wp\/v2\/pages\/221\/revisions"}],"predecessor-version":[{"id":3808,"href":"http:\/\/lasteaiad.narvakultuur.ee\/pingviin\/wp-json\/wp\/v2\/pages\/221\/revisions\/3808"}],"up":[{"embeddable":true,"href":"http:\/\/lasteaiad.narvakultuur.ee\/pingviin\/wp-json\/wp\/v2\/pages\/49"}],"wp:attachment":[{"href":"http:\/\/lasteaiad.narvakultuur.ee\/pingviin\/wp-json\/wp\/v2\/media?parent=221"}],"curies":[{"name":"wp","href":"https:\/\/api.w.org\/{rel}","templated":true}]}}