{"id":37,"date":"2021-04-23T10:00:36","date_gmt":"2021-04-23T07:00:36","guid":{"rendered":"http:\/\/lasteaiad.narvakultuur.ee\/pingviin\/?page_id=37"},"modified":"2026-01-30T12:07:22","modified_gmt":"2026-01-30T10:07:22","slug":"avaleht","status":"publish","type":"page","link":"http:\/\/lasteaiad.narvakultuur.ee\/pingviin\/et\/avaleht","title":{"rendered":"Avaleht"},"content":{"rendered":"<h3><img loading=\"lazy\" decoding=\"async\" class=\"size-full wp-image-1480 alignleft\" style=\"color: #656565;font-family: 'Helvetica Neue', Helvetica, Arial, sans-serif;font-size: 0.875rem\" src=\"http:\/\/lasteaiad.narvakultuur.ee\/pingviin\/wp-content\/uploads\/2016\/03\/EL_Regionaalarengu_Fond_horisontaalne-e1453386716785.jpg\" alt=\"EL_Regionaalarengu_Fond_horisontaalne-e1453386716785\" width=\"200\" height=\"116\" \/><a href=\"https:\/\/www.innove.ee\/rajaleidja\/\" target=\"_blank\" rel=\"noopener noreferrer\"><img loading=\"lazy\" decoding=\"async\" class=\"size-full wp-image-88 alignleft\" src=\"http:\/\/lasteaiad.narvakultuur.ee\/pingviin\/wp-content\/uploads\/2016\/03\/banner-innove-rajaleidja.jpg\" alt=\"banner-innove-rajaleidja\" width=\"176\" height=\"58\" \/><\/a><a href=\"https:\/\/www.integratsioon.ee\/eesti-keele-ope\" target=\"_blank\" rel=\"noopener\"><img loading=\"lazy\" decoding=\"async\" class=\"wp-image-3413 alignleft\" src=\"http:\/\/lasteaiad.narvakultuur.ee\/pingviin\/wp-content\/uploads\/2025\/03\/insa_logo.png\" alt=\"insa logo\" width=\"316\" height=\"60\" srcset=\"http:\/\/lasteaiad.narvakultuur.ee\/pingviin\/wp-content\/uploads\/2025\/03\/insa_logo.png 3536w, http:\/\/lasteaiad.narvakultuur.ee\/pingviin\/wp-content\/uploads\/2025\/03\/insa_logo-300x57.png 300w, http:\/\/lasteaiad.narvakultuur.ee\/pingviin\/wp-content\/uploads\/2025\/03\/insa_logo-1024x194.png 1024w, http:\/\/lasteaiad.narvakultuur.ee\/pingviin\/wp-content\/uploads\/2025\/03\/insa_logo-768x146.png 768w, http:\/\/lasteaiad.narvakultuur.ee\/pingviin\/wp-content\/uploads\/2025\/03\/insa_logo-1536x291.png 1536w, http:\/\/lasteaiad.narvakultuur.ee\/pingviin\/wp-content\/uploads\/2025\/03\/insa_logo-2048x388.png 2048w\" sizes=\"auto, (max-width: 316px) 100vw, 316px\" \/><\/a><\/h3>\n<p>&nbsp;<\/p>\n<h3><img loading=\"lazy\" decoding=\"async\" class=\"wp-image-3395 alignleft\" style=\"color: #656565;font-family: 'Helvetica Neue', Helvetica, Arial, sans-serif;font-size: 0.875rem\" src=\"http:\/\/lasteaiad.narvakultuur.ee\/pingviin\/wp-content\/uploads\/2025\/03\/eliis_tarkvara_ou_elasteaed_logo.png\" alt=\"\" width=\"305\" height=\"71\" srcset=\"http:\/\/lasteaiad.narvakultuur.ee\/pingviin\/wp-content\/uploads\/2025\/03\/eliis_tarkvara_ou_elasteaed_logo.png 562w, http:\/\/lasteaiad.narvakultuur.ee\/pingviin\/wp-content\/uploads\/2025\/03\/eliis_tarkvara_ou_elasteaed_logo-300x70.png 300w\" sizes=\"auto, (max-width: 305px) 100vw, 305px\" \/><\/h3>\n<p><img loading=\"lazy\" decoding=\"async\" class=\"wp-image-3401 alignleft\" src=\"http:\/\/lasteaiad.narvakultuur.ee\/pingviin\/wp-content\/uploads\/2025\/03\/ty-eetikakeskus-1030x290-1.png\" alt=\"eetikakeskus logo\" width=\"249\" height=\"70\" srcset=\"http:\/\/lasteaiad.narvakultuur.ee\/pingviin\/wp-content\/uploads\/2025\/03\/ty-eetikakeskus-1030x290-1.png 1030w, http:\/\/lasteaiad.narvakultuur.ee\/pingviin\/wp-content\/uploads\/2025\/03\/ty-eetikakeskus-1030x290-1-300x84.png 300w, http:\/\/lasteaiad.narvakultuur.ee\/pingviin\/wp-content\/uploads\/2025\/03\/ty-eetikakeskus-1030x290-1-1024x288.png 1024w, http:\/\/lasteaiad.narvakultuur.ee\/pingviin\/wp-content\/uploads\/2025\/03\/ty-eetikakeskus-1030x290-1-768x216.png 768w\" sizes=\"auto, (max-width: 249px) 100vw, 249px\" \/><\/p>\n<p>&nbsp;<\/p>\n<p><img loading=\"lazy\" decoding=\"async\" class=\"wp-image-3415 alignnone\" style=\"color: #a76526\" src=\"http:\/\/lasteaiad.narvakultuur.ee\/pingviin\/wp-content\/uploads\/2025\/03\/arno-logo.jpg\" alt=\"arno logo\" width=\"113\" height=\"113\" srcset=\"http:\/\/lasteaiad.narvakultuur.ee\/pingviin\/wp-content\/uploads\/2025\/03\/arno-logo.jpg 240w, http:\/\/lasteaiad.narvakultuur.ee\/pingviin\/wp-content\/uploads\/2025\/03\/arno-logo-150x150.jpg 150w\" sizes=\"auto, (max-width: 113px) 100vw, 113px\" \/> \u00a0<a style=\"font-size: 1.625rem\" href=\"http:\/\/suukool.ee\/et\/\" target=\"_blank\" rel=\"noopener\"><img loading=\"lazy\" decoding=\"async\" class=\"wp-image-3396 alignnone\" src=\"http:\/\/lasteaiad.narvakultuur.ee\/pingviin\/wp-content\/uploads\/2025\/03\/suukool-logo.jpg\" alt=\"suukool logo\" width=\"214\" height=\"71\" srcset=\"http:\/\/lasteaiad.narvakultuur.ee\/pingviin\/wp-content\/uploads\/2025\/03\/suukool-logo.jpg 562w, http:\/\/lasteaiad.narvakultuur.ee\/pingviin\/wp-content\/uploads\/2025\/03\/suukool-logo-300x100.jpg 300w\" sizes=\"auto, (max-width: 214px) 100vw, 214px\" \/> <\/a><br \/>\n<img loading=\"lazy\" decoding=\"async\" class=\"wp-image-3169 alignleft\" style=\"font-size: 0.875rem\" src=\"http:\/\/lasteaiad.narvakultuur.ee\/pingviin\/wp-content\/uploads\/2024\/10\/kv-logo.png\" alt=\"banner-kiusamisest-vabaks\" width=\"171\" height=\"130\" srcset=\"http:\/\/lasteaiad.narvakultuur.ee\/pingviin\/wp-content\/uploads\/2024\/10\/kv-logo.png 400w, http:\/\/lasteaiad.narvakultuur.ee\/pingviin\/wp-content\/uploads\/2024\/10\/kv-logo-300x229.png 300w\" sizes=\"auto, (max-width: 171px) 100vw, 171px\" \/><\/p>\n<p>&nbsp;<\/p>\n<p>&nbsp;<\/p>\n<p>&nbsp;<\/p>\n<p>&nbsp;<\/p>\n<p><span style=\"font-size: 18pt\"><span style=\"color: #0000ff\"><strong>Kollektiivpuhkus 2026 aastal on ajavahemikul 29. juunist kuni\u00a0 31.juulini.<\/strong><\/span><\/span><\/p>\n<p>&nbsp;<\/p>\n<p><span style=\"color: #993300\"><strong>NB!<\/strong><\/span><\/p>\n<p><span style=\"color: #993300\"><strong>Lugupeetud lapsevanemad!<\/strong><\/span><\/p>\n<p><span style=\"color: #993300\"><strong>Alates 1. jaanuarist\u00a0 2026\u00a0<\/strong><\/span><\/p>\n<p>Narva Linnavolikogu 12.11.2025 korralduse nr 702-k \u201eLastehoiu ja lasteaia osalustasu ja toidukulu p\u00e4evamaksumuse kehtestamine\u201c \u00a7 3 l\u00f5igete 1 ja 2 \u00a0kohaselt uuteks m\u00e4\u00e4radeks 2026. aastal on:<\/p>\n<p><span style=\"color: #0000ff\"><span style=\"font-size: 12pt\"><strong>53.16 <\/strong>eurot kuus \u00fche lapse kohta<\/span>,<\/span> mis moodustab 6% Vabariigi valitsuse poolt arvestusperiodile eelnenud eelarveaastaks kinnitatud t\u00f6\u00f6tasu alamm\u00e4\u00e4rast 886.00 eurot.<\/p>\n<p><strong><span style=\"color: #ff0000\"><br \/>\n<span style=\"font-size: 12pt\">NB!<\/span><\/span><\/strong><\/p>\n<p><span style=\"color: #0000ff\"><strong>LUGUPEETUD\u00a0 LAPSEVANEMAD! <\/strong><\/span><\/p>\n<p><span style=\"color: #0000ff\"><strong>Alates 1. detsembrist t\u00f5useb lasteaedade toidukulu p\u00e4evamaksumus 45 sendi v\u00f5rra<\/strong><\/span><\/p>\n<p><span style=\"color: #0000ff\"><strong><em>Narva lasteaedade hoolekogude otsuste alusel t\u00f5useb <span style=\"color: #ff0000\">alates 1. detsembrist 2025<\/span> \u00a0lasteaedades toidukulu maksumus 45 sendi v\u00f5rra p\u00e4evas. <\/em><\/strong><strong><br \/>\n<em><br \/>\nToidukulu p\u00e4evamaksumus on alates 1. detsembrist<\/em><\/strong><\/span><\/p>\n<p><span style=\"color: #0000ff\"><strong>\u00a0<span style=\"font-size: 12pt;color: #ff0000\"><u>Aiar\u00fchmas \u2013 2,75 eurot<\/u><\/span><\/strong><strong><u><br \/>\n<\/u><\/strong><strong>Hommikus\u00f6\u00f6k \u2013 0,75 eurot<br \/>\nL\u00f5unas\u00f6\u00f6k \u2013 \u00a0\u00a0\u00a0\u00a0 \u00a01,30 eurot<br \/>\n\u00d5htuoode \u2013 \u00a0\u00a0\u00a0\u00a0 \u00a0\u00a0\u00a00,70 eurot<\/strong><\/span><\/p>\n<p><span style=\"color: #0000ff\"><strong>Hinnat\u00f5us on tingitud viimasel aja toimunud toiduainete kallinemisest.<\/strong><\/span><\/p>\n<p><span style=\"color: #0000ff\"><strong><em>Administratsioon<\/em><\/strong><\/span><\/p>\n<p><span style=\"color: #ff0000\"><strong>Alates 1.09.2025 j\u00f5ustuvad uued korrad<\/strong><\/span><\/p>\n<ul>\n<li>Lapse eest makstav\u00a0<strong>osalustasu, juhul, kui lapse\u00a0elukoha aadress asub Narva haldusterritooriumil, on 6%<\/strong>kalendrikuus arvestusperioodile eelnenud eelarveaastaks kehtestatud t\u00f6\u00f6tasu alamm\u00e4\u00e4rast j\u00e4rgmiste lasteaedade lasteaiar\u00fchmades: Narva Lasteaed P\u00e4ikene, Narva Lasteaed Sipsik, Narva Lasteaed Cipollino, Narva Lasteaed Pingviin, Narva Vanalinna Lasteaed.<\/li>\n<li>Lapse eest makstav\u00a0<strong>osalustasu, juhul, kui lapse elukoha aadress ei asu Narva haldusterritooriumil, on 20%<\/strong>kalendrikuus kehtestatud kehtivast t\u00f6\u00f6tasu alamm\u00e4\u00e4rast.<\/li>\n<li>Lapse eest makstav osalustasu, juhul, kiu lapse elukoha aadress ei asu Narva haldusterritooriumil ning selle kohaliku omavalitsuse \u00fcksusega on s\u00f5lmitud\u00a0alusharidusseaduse \u00a7 5 l\u00f5ikes 1 nimetatud\u00a0haldusleping v\u00f5i muu kokkulepe lasteasutuse tegevuskulu katmise kohta<em>(Toila, Tallinn, Tartu, Viljandi, P\u00e4rnu, Narva-J\u00f5esuu, Sillam\u00e4e)<\/em>, on v\u00f5rdne korralduse punktides 3.1 ja 3.2 toodud osalustasu m\u00e4\u00e4radega.<\/li>\n<li>Lapse eest makstav osalustasu, juhul, kui lapse seaduslik esindaja (edaspidi lapsevanem) t\u00f6\u00f6tab \u00f5petajana Narva munitsipaallasteaias v\u00f5i -\u00fcldhariduskoolis eesti keeles, vastab oma ametikohale kehtestatud eesti keele oskuse n\u00f5udele ning omab k\u00f5rgharidust, on v\u00f5rdne korralduse punktides 3.1 ja 3.2 toodud osalustasu m\u00e4\u00e4radega.<\/li>\n<\/ul>\n<p>Lapse eest makstav osalustasu, juhul, kui lapsevanem t\u00f6\u00f6tab tugispetsialistina Narva munitsipaallasteaias v\u00f5i -\u00fcldhariduskoolis ning vastab oma ametikohale kehtestatud kvalifikatsioonin\u00f5uetele, on v\u00f5rdne korralduse punktides 3.1 ja 3.2 toodud osalustasu m\u00e4\u00e4radega.<\/p>\n<p>Osalustasu \u00fche kalendrikuu eest loetakse t\u00e4ies ulatuses selle lasteaia kasuks, kuhu selle kalendrikuu algusest on laps registreeritud avalduse alusel.<\/p>\n<ul>\n<li><strong>Lasteaiadirektor teavitab lapsevanemat osalustasu suurustest.<\/strong><\/li>\n<li>Juhul kui lasteaedades k\u00e4ib kaks \u00fchest ja samast perekonnast p\u00e4rinevat last, kelle elukoha aadress asub Narva haldusterritooriumil, moodustab iga lapse eest tasutav osalustasu 75% selle lapse eest arvestatud osalustasust.<\/li>\n<\/ul>\n<p>Juhul, kui lasteaedades k\u00e4ib kolm v\u00f5i enam \u00fchest ja samast perekonnast p\u00e4rinevat last, kelle elukoha aadress asub Narva haldusterritooriumil, vabastatakse perekond t\u00e4ielikult osalustasu tasumisest.<\/p>\n<p>Korralduse punktides 3.5-3.6 ja 3.9-3.10 nimetatud soodustuste saamiseks esitab lapsevanem lasteaiadirektorile vastavasisulise taotluse.<\/p>\n<p>Lisa: viited uutele kordadele.<\/p>\n<p>Lastehoidu ja lasteaeda laste vastuv\u00f5tu ja sealt v\u00e4ljaarvamise kord:\u00a0<a href=\"https:\/\/dhs.narva.ee\/?page=pub_view_dynobj&amp;pid=2946953&amp;tid=64096&amp;u=20250813083254&amp;desktop=57835&amp;r_url=%2F%3Fpage%3Dpub_list_dynobj%26pid%3D%26tid%3D64096%26u%3D20250813083254\">https:\/\/dhs.narva.ee\/?page=pub_view_dynobj&amp;pid=2946953&amp;tid=64096&amp;u=20250813083254&amp;desktop=57835&amp;r_url=%2F%3Fpage%3Dpub_list_dynobj%26pid%3D%26tid%3D64096%26u%3D20250813083254<\/a><\/p>\n<p>Lastehoiu ja lasteaia osalustasu ja toidukulu p\u00e4evamaksumuse kehtestamine:\u00a0<a href=\"https:\/\/dhs.narva.ee\/?page=pub_view_dynobj&amp;pid=2947966&amp;tid=64096&amp;u=20250813083358&amp;desktop=57835&amp;r_url=%2F%3Fpage%3Dpub_list_dynobj%26pid%3D%26tid%3D64096%26u%3D20250813083358\">https:\/\/dhs.narva.ee\/?page=pub_view_dynobj&amp;pid=2947966&amp;tid=64096&amp;u=20250813083358&amp;desktop=57835&amp;r_url=%2F%3Fpage%3Dpub_list_dynobj%26pid%3D%26tid%3D64096%26u%3D20250813083358<\/a><\/p>\n<h4><\/h4>\n<p>&nbsp;<\/p>\n<p>&nbsp;<\/p>\n<h3 style=\"font-weight: 400\"><span style=\"color: #0000ff\"><strong>Narvas v\u00f5etakse kasutusele\u00a0<\/strong><strong>lasteaiateenuse taotluste menetlemiseks ARNO<\/strong><\/span><\/h3>\n<p>&nbsp;<\/p>\n<h4 style=\"font-weight: 400\"><em><span style=\"color: #3366ff\">Alates selle aasta oktoobrist<\/span><\/em> toimub\u00a0Narvas\u00a0lasteaiateenuse taotlemine ja taotluste menetlemine haridusteenuste haldamise veebikeskkonnas ARNO<span style=\"color: #0000ff\">\u00a0<a style=\"color: #0000ff\" href=\"http:\/\/www.arno.ee\/\" data-saferedirecturl=\"https:\/\/www.google.com\/url?q=http:\/\/www.arno.ee\/&amp;source=gmail&amp;ust=1664618709389000&amp;usg=AOvVaw30pC2_kf3yXPZmDmoE2U-D\">www.arno.ee<\/a>.\u00a0<\/span><\/h4>\n<h4 style=\"font-weight: 400\"><\/h4>\n<h4 style=\"font-weight: 400\">Lasteaiakoha saamiseks tuleb n\u00fc\u00fcd lapsevanemal esitada taotlus iseseisvalt veebikeskkonnas ARNO\u00a0v\u00f5i p\u00f6\u00f6rduda\u00a0(mugavaima v\u00f5i l\u00e4hima)\u00a0lasteaia poole, et taotluse t\u00e4itmiseks siseneda asutuse juhendamisel ARNO veebikeskonda ID-kaardi, Smart-ID v\u00f5i Mobiil-ID abil. Samaaegselt v\u00f5ib endiselt kasutada ka paber- v\u00f5i e-taotluse esitamise v\u00f5imalust: seda v\u00f5ib teha elektroonselt (selleks edastada digitaalse allkirjaga Kultuuriosakonna e-posti aadressile\u00a0<span style=\"color: #0000ff\"><a style=\"color: #0000ff\" href=\"mailto:kultuur@narva.ee\">kultuur@narva.ee<\/a><\/span>)\u00a0v\u00f5i paberil (selleks allkirjastada k\u00e4sitsi ning esitada Kultuuriosakonda kas isiklikult v\u00f5i lasteaia vahendusel).\u00a0K\u00f5ik lasteaiakoha taotlused, mis on juba esitatud, edastatakse Kultuuriosakonda ning kantakse ARNO veebikeskkonda.<\/h4>\n<h3><\/h3>\n<h3><\/h3>\n<h3><\/h3>\n<p>&nbsp;<\/p>\n<p>&nbsp;<\/p>\n<h2><span style=\"color: #3366ff\"><a style=\"color: #3366ff\" href=\"http:\/\/lasteaiad.narvakultuur.ee\/pingviin\/et\/avaleht\/meie-lasteaed\" target=\"_blank\" rel=\"noopener noreferrer\"><strong><em>MEIE LASTEAED<\/em><\/strong><\/a><\/span><\/h2>\n<p>&nbsp;<\/p>\n<p>&nbsp;<\/p>\n<h2><\/h2>\n<p>&nbsp;<\/p>\n<h2><\/h2>\n<p>&nbsp;<\/p>\n<p>&nbsp;<\/p>\n<p>&nbsp;<\/p>\n","protected":false},"excerpt":{"rendered":"<p>&nbsp; &nbsp; \u00a0 &nbsp; &nbsp; &nbsp; &nbsp; Kollektiivpuhkus 2026 aastal on ajavahemikul 29. juunist kuni\u00a0 31.juulini. &nbsp; NB! Lugupeetud lapsevanemad! Alates 1. jaanuarist\u00a0 2026\u00a0 Narva Linnavolikogu 12.11.2025 korralduse nr 702-k \u201eLastehoiu ja lasteaia osalustasu ja toidukulu p\u00e4evamaksumuse kehtestamine\u201c \u00a7 3 l\u00f5igete 1 ja 2 \u00a0kohaselt uuteks m\u00e4\u00e4radeks 2026. aastal on: 53.16 eurot kuus \u00fche lapse&hellip;<\/p>\n<p class=\"more-link-wrapper\"><a class=\"more-link\" href=\"http:\/\/lasteaiad.narvakultuur.ee\/pingviin\/et\/avaleht\">Continue<\/a><\/p>\n","protected":false},"author":5,"featured_media":0,"parent":0,"menu_order":0,"comment_status":"closed","ping_status":"closed","template":"","meta":{"footnotes":""},"class_list":["post-37","page","type-page","status-publish","hentry"],"_links":{"self":[{"href":"http:\/\/lasteaiad.narvakultuur.ee\/pingviin\/wp-json\/wp\/v2\/pages\/37","targetHints":{"allow":["GET"]}}],"collection":[{"href":"http:\/\/lasteaiad.narvakultuur.ee\/pingviin\/wp-json\/wp\/v2\/pages"}],"about":[{"href":"http:\/\/lasteaiad.narvakultuur.ee\/pingviin\/wp-json\/wp\/v2\/types\/page"}],"author":[{"embeddable":true,"href":"http:\/\/lasteaiad.narvakultuur.ee\/pingviin\/wp-json\/wp\/v2\/users\/5"}],"replies":[{"embeddable":true,"href":"http:\/\/lasteaiad.narvakultuur.ee\/pingviin\/wp-json\/wp\/v2\/comments?post=37"}],"version-history":[{"count":94,"href":"http:\/\/lasteaiad.narvakultuur.ee\/pingviin\/wp-json\/wp\/v2\/pages\/37\/revisions"}],"predecessor-version":[{"id":3999,"href":"http:\/\/lasteaiad.narvakultuur.ee\/pingviin\/wp-json\/wp\/v2\/pages\/37\/revisions\/3999"}],"wp:attachment":[{"href":"http:\/\/lasteaiad.narvakultuur.ee\/pingviin\/wp-json\/wp\/v2\/media?parent=37"}],"curies":[{"name":"wp","href":"https:\/\/api.w.org\/{rel}","templated":true}]}}